{"id":566,"date":"2024-01-18T04:55:47","date_gmt":"2024-01-18T04:55:47","guid":{"rendered":"https:\/\/lesageinc.com\/?page_id=566"},"modified":"2025-09-16T07:58:29","modified_gmt":"2025-09-16T07:58:29","slug":"emergency","status":"publish","type":"page","link":"https:\/\/lesageinc.com\/en\/emergency\/","title":{"rendered":"Emergency"},"content":{"rendered":"<!--themify_builder_content-->\n<div id=\"themify_builder_content-566\" data-postid=\"566\" class=\"themify_builder_content themify_builder_content-566 themify_builder tf_clear\">\n                    <div  data-lazy=\"1\" class=\"module_row themify_builder_row tb_r69s988 tb_first tf_w\">\n                        <div class=\"row_inner col_align_top tb_col_count_1 tf_box tf_rel\">\n                        <div  data-lazy=\"1\" class=\"module_column tb-column col-full tb_s7d7989 first\">\n                    <!-- module typewriter -->\n<div  id=\"tb_k8gf495\" class=\"module module-typewriter tb_k8gf495 \" data-lazy=\"1\">\n\t\t\n\t\t\t<h3 class=\"typewriter-main-tag\">\n\t\t<span class=\"typewritter-text-before\">Nous sommes l\u00e0 pour votre aide <\/span>\n\t\t<span class=\"typewriter-span\" \n\t\t\t  data-typer-targets='[&quot;appellez maintenant&quot;]'\n\t\t\t  data-typer-highlight-speed=\"50\"\n\t\t\t  data-typer-type-speed=\"150\"\n\t\t\t  data-typer-clear-delay=\"1.5\"\n\t\t\t  data-typer-type-delay=\"0.2\"\n\t\t\t  data-typer-interval=\"1.5\"\n\t\t\t  data-typer-direction=\"rtl\">\n\t\t\t\t  appellez maintenant\t\t<\/span>\n\t\t<span class=\"typewritter-text-after\"> <\/span>\n\t\t<\/h3>\n\t\t<\/div>\n<!-- \/module typewriter -->\n<!-- module image -->\n<div  class=\"module module-image tb_apf4159 image-center   tf_mw hover-wow\" data-tf-animation_hover=\"bounceIn\" data-lazy=\"1\">\n        <div class=\"image-wrap tf_rel tf_mw\">\n            <a href=\"tel:%205143373585\">\n                   <img loading=\"lazy\" decoding=\"async\" src=\"http:\/\/lesageinc.com\/wp-content\/uploads\/2025\/09\/telephone-120x120-1.png\" width=\"120\" height=\"120\" title=\"(514) 337-3585\" alt=\"(514) 337-3585\">        <\/a>\n    \n        <\/div>\n    <!-- \/image-wrap -->\n    \n        <div class=\"image-content\">\n                    <h3 class=\"image-title\">\n                                    <a href=\"tel:%205143373585\">\n                        (514) 337-3585                    <\/a>\n                            <\/h3>\n                    <\/div>\n    <!-- \/image-content -->\n        <\/div>\n<!-- \/module image -->        <\/div>\n                        <\/div>\n        <\/div>\n        <\/div>\n<!--\/themify_builder_content-->","protected":false},"excerpt":{"rendered":"","protected":false},"author":6,"featured_media":0,"parent":0,"menu_order":0,"comment_status":"closed","ping_status":"closed","template":"","meta":{"footnotes":""},"class_list":["post-566","page","type-page","status-publish","hentry","has-post-title","has-post-date","has-post-category","has-post-tag","has-post-comment","has-post-author",""],"aioseo_notices":[],"yoast_head":"<!-- This site is optimized with the Yoast SEO plugin v27.4 - https:\/\/yoast.com\/product\/yoast-seo-wordpress\/ -->\n<title>Urgence - Lesage Inc<\/title>\n<meta name=\"description\" content=\"Contactez Lesage Inc. pour les services d\u2019\u00e9quipement de r\u00e9frig\u00e9ration d\u2019urgence. Notre \u00e9quipe est disponible 24h\/24 et 7j\/7 pour vous aider.\" \/>\n<meta name=\"robots\" content=\"index, follow, max-snippet:-1, max-image-preview:large, max-video-preview:-1\" \/>\n<link rel=\"canonical\" href=\"https:\/\/lesageinc.com\/en\/emergency\/\" \/>\n<meta property=\"og:locale\" content=\"en_US\" \/>\n<meta property=\"og:type\" content=\"article\" \/>\n<meta property=\"og:title\" content=\"Urgence - Lesage Inc\" \/>\n<meta property=\"og:description\" content=\"Contactez Lesage Inc. pour les services d\u2019\u00e9quipement de r\u00e9frig\u00e9ration d\u2019urgence. Notre \u00e9quipe est disponible 24h\/24 et 7j\/7 pour vous aider.\" \/>\n<meta property=\"og:url\" content=\"https:\/\/lesageinc.com\/en\/emergency\/\" \/>\n<meta property=\"og:site_name\" content=\"Lesageinc\" \/>\n<meta property=\"article:modified_time\" content=\"2025-09-16T07:58:29+00:00\" \/>\n<meta property=\"og:image\" content=\"https:\/\/lesageinc.com\/wp-content\/uploads\/2024\/01\/telephone.png\" \/>\n<meta name=\"twitter:card\" content=\"summary_large_image\" \/>\n<meta name=\"twitter:label1\" content=\"Est. reading time\" \/>\n\t<meta name=\"twitter:data1\" content=\"1 minute\" \/>\n<script type=\"application\/ld+json\" class=\"yoast-schema-graph\">{\"@context\":\"https:\\\/\\\/schema.org\",\"@graph\":[{\"@type\":\"WebPage\",\"@id\":\"https:\\\/\\\/lesageinc.com\\\/emergency\\\/\",\"url\":\"https:\\\/\\\/lesageinc.com\\\/emergency\\\/\",\"name\":\"Urgence - Lesage Inc\",\"isPartOf\":{\"@id\":\"https:\\\/\\\/lesageinc.com\\\/#website\"},\"primaryImageOfPage\":{\"@id\":\"https:\\\/\\\/lesageinc.com\\\/emergency\\\/#primaryimage\"},\"image\":{\"@id\":\"https:\\\/\\\/lesageinc.com\\\/emergency\\\/#primaryimage\"},\"thumbnailUrl\":\"https:\\\/\\\/lesageinc.com\\\/wp-content\\\/uploads\\\/2024\\\/01\\\/telephone.png\",\"datePublished\":\"2024-01-18T04:55:47+00:00\",\"dateModified\":\"2025-09-16T07:58:29+00:00\",\"description\":\"Contactez Lesage Inc. pour les services d\u2019\u00e9quipement de r\u00e9frig\u00e9ration d\u2019urgence. Notre \u00e9quipe est disponible 24h\\\/24 et 7j\\\/7 pour vous aider.\",\"breadcrumb\":{\"@id\":\"https:\\\/\\\/lesageinc.com\\\/emergency\\\/#breadcrumb\"},\"inLanguage\":\"en-CA\",\"potentialAction\":[{\"@type\":\"ReadAction\",\"target\":[\"https:\\\/\\\/lesageinc.com\\\/emergency\\\/\"]}]},{\"@type\":\"ImageObject\",\"inLanguage\":\"en-CA\",\"@id\":\"https:\\\/\\\/lesageinc.com\\\/emergency\\\/#primaryimage\",\"url\":\"https:\\\/\\\/lesageinc.com\\\/wp-content\\\/uploads\\\/2024\\\/01\\\/telephone.png\",\"contentUrl\":\"https:\\\/\\\/lesageinc.com\\\/wp-content\\\/uploads\\\/2024\\\/01\\\/telephone.png\"},{\"@type\":\"BreadcrumbList\",\"@id\":\"https:\\\/\\\/lesageinc.com\\\/emergency\\\/#breadcrumb\",\"itemListElement\":[{\"@type\":\"ListItem\",\"position\":1,\"name\":\"Home\",\"item\":\"https:\\\/\\\/lesageinc.com\\\/\"},{\"@type\":\"ListItem\",\"position\":2,\"name\":\"Emergency\"}]},{\"@type\":\"WebSite\",\"@id\":\"https:\\\/\\\/lesageinc.com\\\/#website\",\"url\":\"https:\\\/\\\/lesageinc.com\\\/\",\"name\":\"Lesageinc\",\"description\":\"Partenaire en Maintenance et R\u00e9paration d\u2019\u00e9quipements frigorifiques\",\"publisher\":{\"@id\":\"https:\\\/\\\/lesageinc.com\\\/#organization\"},\"potentialAction\":[{\"@type\":\"SearchAction\",\"target\":{\"@type\":\"EntryPoint\",\"urlTemplate\":\"https:\\\/\\\/lesageinc.com\\\/?s={search_term_string}\"},\"query-input\":{\"@type\":\"PropertyValueSpecification\",\"valueRequired\":true,\"valueName\":\"search_term_string\"}}],\"inLanguage\":\"en-CA\"},{\"@type\":\"Organization\",\"@id\":\"https:\\\/\\\/lesageinc.com\\\/#organization\",\"name\":\"Lesageinc\",\"url\":\"https:\\\/\\\/lesageinc.com\\\/\",\"logo\":{\"@type\":\"ImageObject\",\"inLanguage\":\"en-CA\",\"@id\":\"https:\\\/\\\/lesageinc.com\\\/#\\\/schema\\\/logo\\\/image\\\/\",\"url\":\"https:\\\/\\\/lesageinc.com\\\/wp-content\\\/uploads\\\/2024\\\/02\\\/1200x630-2.jpg\",\"contentUrl\":\"https:\\\/\\\/lesageinc.com\\\/wp-content\\\/uploads\\\/2024\\\/02\\\/1200x630-2.jpg\",\"width\":1200,\"height\":630,\"caption\":\"Lesageinc\"},\"image\":{\"@id\":\"https:\\\/\\\/lesageinc.com\\\/#\\\/schema\\\/logo\\\/image\\\/\"}}]}<\/script>\n<!-- \/ Yoast SEO plugin. -->","yoast_head_json":{"title":"Urgence - Lesage Inc","description":"Contactez Lesage Inc. pour les services d\u2019\u00e9quipement de r\u00e9frig\u00e9ration d\u2019urgence. Notre \u00e9quipe est disponible 24h\/24 et 7j\/7 pour vous aider.","robots":{"index":"index","follow":"follow","max-snippet":"max-snippet:-1","max-image-preview":"max-image-preview:large","max-video-preview":"max-video-preview:-1"},"canonical":"https:\/\/lesageinc.com\/en\/emergency\/","og_locale":"en_US","og_type":"article","og_title":"Urgence - Lesage Inc","og_description":"Contactez Lesage Inc. pour les services d\u2019\u00e9quipement de r\u00e9frig\u00e9ration d\u2019urgence. Notre \u00e9quipe est disponible 24h\/24 et 7j\/7 pour vous aider.","og_url":"https:\/\/lesageinc.com\/en\/emergency\/","og_site_name":"Lesageinc","article_modified_time":"2025-09-16T07:58:29+00:00","og_image":[{"url":"https:\/\/lesageinc.com\/wp-content\/uploads\/2024\/01\/telephone.png","type":"","width":"","height":""}],"twitter_card":"summary_large_image","twitter_misc":{"Est. reading time":"1 minute"},"schema":{"@context":"https:\/\/schema.org","@graph":[{"@type":"WebPage","@id":"https:\/\/lesageinc.com\/emergency\/","url":"https:\/\/lesageinc.com\/emergency\/","name":"Urgence - Lesage Inc","isPartOf":{"@id":"https:\/\/lesageinc.com\/#website"},"primaryImageOfPage":{"@id":"https:\/\/lesageinc.com\/emergency\/#primaryimage"},"image":{"@id":"https:\/\/lesageinc.com\/emergency\/#primaryimage"},"thumbnailUrl":"https:\/\/lesageinc.com\/wp-content\/uploads\/2024\/01\/telephone.png","datePublished":"2024-01-18T04:55:47+00:00","dateModified":"2025-09-16T07:58:29+00:00","description":"Contactez Lesage Inc. pour les services d\u2019\u00e9quipement de r\u00e9frig\u00e9ration d\u2019urgence. Notre \u00e9quipe est disponible 24h\/24 et 7j\/7 pour vous aider.","breadcrumb":{"@id":"https:\/\/lesageinc.com\/emergency\/#breadcrumb"},"inLanguage":"en-CA","potentialAction":[{"@type":"ReadAction","target":["https:\/\/lesageinc.com\/emergency\/"]}]},{"@type":"ImageObject","inLanguage":"en-CA","@id":"https:\/\/lesageinc.com\/emergency\/#primaryimage","url":"https:\/\/lesageinc.com\/wp-content\/uploads\/2024\/01\/telephone.png","contentUrl":"https:\/\/lesageinc.com\/wp-content\/uploads\/2024\/01\/telephone.png"},{"@type":"BreadcrumbList","@id":"https:\/\/lesageinc.com\/emergency\/#breadcrumb","itemListElement":[{"@type":"ListItem","position":1,"name":"Home","item":"https:\/\/lesageinc.com\/"},{"@type":"ListItem","position":2,"name":"Emergency"}]},{"@type":"WebSite","@id":"https:\/\/lesageinc.com\/#website","url":"https:\/\/lesageinc.com\/","name":"Lesageinc","description":"Partenaire en Maintenance et R\u00e9paration d\u2019\u00e9quipements frigorifiques","publisher":{"@id":"https:\/\/lesageinc.com\/#organization"},"potentialAction":[{"@type":"SearchAction","target":{"@type":"EntryPoint","urlTemplate":"https:\/\/lesageinc.com\/?s={search_term_string}"},"query-input":{"@type":"PropertyValueSpecification","valueRequired":true,"valueName":"search_term_string"}}],"inLanguage":"en-CA"},{"@type":"Organization","@id":"https:\/\/lesageinc.com\/#organization","name":"Lesageinc","url":"https:\/\/lesageinc.com\/","logo":{"@type":"ImageObject","inLanguage":"en-CA","@id":"https:\/\/lesageinc.com\/#\/schema\/logo\/image\/","url":"https:\/\/lesageinc.com\/wp-content\/uploads\/2024\/02\/1200x630-2.jpg","contentUrl":"https:\/\/lesageinc.com\/wp-content\/uploads\/2024\/02\/1200x630-2.jpg","width":1200,"height":630,"caption":"Lesageinc"},"image":{"@id":"https:\/\/lesageinc.com\/#\/schema\/logo\/image\/"}}]}},"builder_content":"<h3> Nous sommes l\u00e0 pour votre aide appellez maintenant <\/h3>\n<a href=\"tel:%205143373585\"> <img src=\"http:\/\/lesageinc.com\/wp-content\/uploads\/2025\/09\/telephone-120x120-1.png\" width=\"120\" height=\"120\" title=\"(514) 337-3585\" alt=\"(514) 337-3585\"> <\/a> <h3> <a href=\"tel:%205143373585\"> (514) 337-3585 <\/a> <\/h3>","_links":{"self":[{"href":"https:\/\/lesageinc.com\/en\/wp-json\/wp\/v2\/pages\/566","targetHints":{"allow":["GET"]}}],"collection":[{"href":"https:\/\/lesageinc.com\/en\/wp-json\/wp\/v2\/pages"}],"about":[{"href":"https:\/\/lesageinc.com\/en\/wp-json\/wp\/v2\/types\/page"}],"author":[{"embeddable":true,"href":"https:\/\/lesageinc.com\/en\/wp-json\/wp\/v2\/users\/6"}],"replies":[{"embeddable":true,"href":"https:\/\/lesageinc.com\/en\/wp-json\/wp\/v2\/comments?post=566"}],"version-history":[{"count":13,"href":"https:\/\/lesageinc.com\/en\/wp-json\/wp\/v2\/pages\/566\/revisions"}],"predecessor-version":[{"id":32334,"href":"https:\/\/lesageinc.com\/en\/wp-json\/wp\/v2\/pages\/566\/revisions\/32334"}],"wp:attachment":[{"href":"https:\/\/lesageinc.com\/en\/wp-json\/wp\/v2\/media?parent=566"}],"curies":[{"name":"wp","href":"https:\/\/api.w.org\/{rel}","templated":true}]}}