{"id":428,"date":"2023-11-07T05:26:55","date_gmt":"2023-11-07T05:26:55","guid":{"rendered":"https:\/\/lesageinc.com\/?page_id=428"},"modified":"2024-03-07T14:18:19","modified_gmt":"2024-03-07T14:18:19","slug":"carriere","status":"publish","type":"page","link":"https:\/\/lesageinc.com\/en\/carriere\/","title":{"rendered":"Career"},"content":{"rendered":"<!--themify_builder_content-->\n<div id=\"themify_builder_content-428\" data-postid=\"428\" class=\"themify_builder_content themify_builder_content-428 themify_builder tf_clear\">\n                    <div  data-css_id=\"45pd362\" data-lazy=\"1\" class=\"module_row themify_builder_row fullwidth_row_container tb_45pd362 tb_first tf_w\">\n                        <div class=\"row_inner col_align_top tb_col_count_1 tf_box tf_rel\">\n                        <div  data-lazy=\"1\" class=\"module_column tb-column col-full tb_k05r362 first\">\n                    <!-- module text -->\n<div  class=\"module module-text tb_9fih362\" data-lazy=\"1\">\n        <div  class=\"tb_text_wrap\">\n        <h2>Join our team!<\/h2>\n<p>We would love to learn more about your skills and experience. Your potential could be exactly what we are looking for!<\/p>    <\/div>\n<\/div>\n<!-- \/module text --><!-- module text -->\n<div  class=\"module module-text tb_elry363\" data-lazy=\"1\">\n        <div  class=\"tb_text_wrap\">\n            <\/div>\n<\/div>\n<!-- \/module text --><!-- module text -->\n<div  class=\"module module-text tb_g5de364\" data-lazy=\"1\">\n        <div  class=\"tb_text_wrap\">\n        <h4>SUBMIT YOUR CV HERE!<\/h4>    <\/div>\n<\/div>\n<!-- \/module text --><!-- module contact -->\n<div  id=\"tb_f0tp364\" class=\"module module-contact tb_f0tp364 contact-style2\" data-lazy=\"1\">\n    \n\t<form class=\"builder-contact\"\n\t\tid=\"tb_f0tp364-form\"\n\t\tmethod=\"post\"\n\t\tdata-post-id=\"428\"\n\t\tdata-element-id=\"f0tp364\"\n\t\tdata-orig-id=\"428\" action=\"\"\n\t>\n    <div class=\"contact-message\"><\/div>\n\t<div class=\"builder-contact-fields tf_rel\">\n\t\t    \t\t    <div class=\"builder-contact-field builder-contact-field-name builder-contact-text-field\">\n\t\t\t    <label class=\"control-label\" for=\"tb_f0tp364-contact-name\">\n\t\t\t\t\t\t\t\t\t\t<span class=\"tb-label-span\">Ton nom <\/span>\t\t\t\t<\/label>\n\t\t\t    <div class=\"control-input tf_rel\">\n\t\t\t\t    \t\t\t\t\t    <input type=\"text\" name=\"contact-name\" placeholder=\"\" id=\"tb_f0tp364-contact-name\" value=\"\" class=\"form-control\" >\n\t\t\t\t    \t\t\t\t    \t\t\t    <\/div>\n\t\t<\/div>\n\t    \n\t\t    \t\t    <div class=\"builder-contact-field builder-contact-field-email builder-contact-text-field\">\n\t\t\t    <label class=\"control-label\" for=\"tb_f0tp364-contact-email\">\n\t\t\t\t\t\t\t\t\t\t<span class=\"tb-label-span\">Ton courriel <\/span>\t\t\t\t<\/label>\n\t\t\t    <div class=\"control-input tf_rel\">\n\t\t\t\t    \t\t\t\t\t    <input type=\"email\" name=\"contact-email\" placeholder=\"\" id=\"tb_f0tp364-contact-email\" value=\"\" class=\"form-control\" >\n\t\t\t\t    \t\t\t\t    \t\t\t    <\/div>\n\t\t<\/div>\n\t    \n\t\t    \t\t    <div class=\"builder-contact-field builder-contact-field-subject builder-contact-text-field\">\n\t\t\t    <label class=\"control-label\" for=\"tb_f0tp364-contact-subject\">\n\t\t\t\t\t\t\t\t\t\t<span class=\"tb-label-span\">Num\u00e9ro <\/span><span class=\"required\">*<\/span>\t\t\t\t<\/label>\n\t\t\t    <div class=\"control-input tf_rel\">\n\t\t\t\t    \t\t\t\t\t    <input type=\"text\" name=\"contact-subject\" placeholder=\"\" id=\"tb_f0tp364-contact-subject\" value=\"\" class=\"form-control\" required>\n\t\t\t\t    \t\t\t\t    \t\t\t    <\/div>\n\t\t<\/div>\n\t    \n\t\t    \t\t    \t\t    <div class=\"builder-contact-field builder-contact-field-extra builder-contact-upload-field\">\n\t\t\t\t\n\t\t\t\t<label class=\"control-label\" for=\"field_extra_tb_f0tp364_0\">\n\t\t\t\t\t\n\t\t\t\t\tT\u00e9l\u00e9verser ton CV\t\t\t\t\t\t\t\t\t\t\t<input type=\"hidden\" name=\"field_extra_name_0\" value=\"T\u00e9l\u00e9verser ton CV\">\n\t\t\t\t\t\t\t\t\t<\/label>\n\t\t\t\t<div class=\"control-input tf_rel\">\n\t\t\t\t\t\t\t\t\t\t\t<input type=\"file\" name=\"field_extra_0\" id=\"field_extra_tb_f0tp364_0\" placeholder=\" \" class=\"form-control\">\n\t\t\t\t\t\n\t\t\t\t\t\t\t\t\t<\/div>\n\t\t    <\/div>\n\t    \n\t\t    \t\t    <div class=\"builder-contact-field builder-contact-field-message builder-contact-textarea-field\">\n\t\t\t    <label class=\"control-label\" for=\"tb_f0tp364-contact-message\">\n\t\t\t\t\t\t\t\t\t\t<span class=\"tb-label-span\">Message <\/span>\t\t\t\t<\/label>\n\t\t\t    <div class=\"control-input tf_rel\">\n\t\t\t\t    \t\t\t\t\t    <textarea name=\"contact-message\" placeholder=\"\" id=\"tb_f0tp364-contact-message\" class=\"form-control\"><\/textarea>\n\t\t\t\t    \t\t\t\t    \t\t\t    <\/div>\n\t\t<\/div>\n\t    \n\t\t    \t\t\n\t\t\n\t    \n\t    <div class=\"builder-contact-field builder-contact-field-send control-input tf_textl tf_clear tf_rel\">\n\t\t\t<button type=\"submit\" class=\"btn btn-primary\">\n\t\t\t\t<span class=\"tf_loader\"><\/span>\t\t\t\t<span class=\"tf_submit_icon\"><\/span> \n\t\t\t\tENVOYER\t\t\t<\/button>\n\t    <\/div>\n\t<\/div>\n    <input type=\"hidden\" name=\"trp-form-language\" value=\"en\"\/><\/form>\n    <\/div>\n<!-- \/module contact -->\n        <\/div>\n                        <\/div>\n        <\/div>\n        <\/div>\n<!--\/themify_builder_content-->","protected":false},"excerpt":{"rendered":"<p>Joignez-vous \u00e0 notre \u00e9quipe! Nous serions ravis de conna\u00eetre davantage vos comp\u00e9tences et votre exp\u00e9rience. Votre potentiel pourrait \u00eatre exactement ce que nous recherchons !<\/p>","protected":false},"author":6,"featured_media":0,"parent":0,"menu_order":0,"comment_status":"closed","ping_status":"closed","template":"","meta":{"footnotes":""},"class_list":["post-428","page","type-page","status-publish","hentry","has-post-title","has-post-date","has-post-category","has-post-tag","has-post-comment","has-post-author",""],"aioseo_notices":[],"yoast_head":"<!-- This site is optimized with the Yoast SEO plugin v27.5 - https:\/\/yoast.com\/product\/yoast-seo-wordpress\/ -->\n<title>Carri\u00e8res - Lesage Inc<\/title>\n<meta name=\"description\" content=\"Joignez-vous \u00e0 l&#039;\u00e9quipe Lesage Inc. et faites partie de nos professionnels d\u00e9vou\u00e9s dans les services d&#039;\u00e9quipements de r\u00e9frig\u00e9ration.\" \/>\n<meta name=\"robots\" content=\"index, follow, max-snippet:-1, max-image-preview:large, max-video-preview:-1\" \/>\n<link rel=\"canonical\" href=\"https:\/\/lesageinc.com\/en\/carriere\/\" \/>\n<meta property=\"og:locale\" content=\"en_US\" \/>\n<meta property=\"og:type\" content=\"article\" \/>\n<meta property=\"og:title\" content=\"Carri\u00e8res - Lesage Inc\" \/>\n<meta property=\"og:description\" content=\"Joignez-vous \u00e0 l&#039;\u00e9quipe Lesage Inc. et faites partie de nos professionnels d\u00e9vou\u00e9s dans les services d&#039;\u00e9quipements de r\u00e9frig\u00e9ration.\" \/>\n<meta property=\"og:url\" content=\"https:\/\/lesageinc.com\/en\/carriere\/\" \/>\n<meta property=\"og:site_name\" content=\"Lesageinc\" \/>\n<meta property=\"article:modified_time\" content=\"2024-03-07T14:18:19+00:00\" \/>\n<meta property=\"og:image\" content=\"https:\/\/lesageinc.com\/wp-content\/uploads\/2024\/02\/1200x630-2.jpg\" \/>\n\t<meta property=\"og:image:width\" content=\"1200\" \/>\n\t<meta property=\"og:image:height\" content=\"630\" \/>\n\t<meta property=\"og:image:type\" content=\"image\/jpeg\" \/>\n<meta name=\"twitter:card\" content=\"summary_large_image\" \/>\n<meta name=\"twitter:label1\" content=\"Est. reading time\" \/>\n\t<meta name=\"twitter:data1\" content=\"1 minute\" \/>\n<script type=\"application\/ld+json\" class=\"yoast-schema-graph\">{\"@context\":\"https:\\\/\\\/schema.org\",\"@graph\":[{\"@type\":\"WebPage\",\"@id\":\"https:\\\/\\\/lesageinc.com\\\/carriere\\\/\",\"url\":\"https:\\\/\\\/lesageinc.com\\\/carriere\\\/\",\"name\":\"Carri\u00e8res - Lesage Inc\",\"isPartOf\":{\"@id\":\"https:\\\/\\\/lesageinc.com\\\/#website\"},\"datePublished\":\"2023-11-07T05:26:55+00:00\",\"dateModified\":\"2024-03-07T14:18:19+00:00\",\"description\":\"Joignez-vous \u00e0 l'\u00e9quipe Lesage Inc. et faites partie de nos professionnels d\u00e9vou\u00e9s dans les services d'\u00e9quipements de r\u00e9frig\u00e9ration.\",\"breadcrumb\":{\"@id\":\"https:\\\/\\\/lesageinc.com\\\/carriere\\\/#breadcrumb\"},\"inLanguage\":\"en-CA\",\"potentialAction\":[{\"@type\":\"ReadAction\",\"target\":[\"https:\\\/\\\/lesageinc.com\\\/carriere\\\/\"]}]},{\"@type\":\"BreadcrumbList\",\"@id\":\"https:\\\/\\\/lesageinc.com\\\/carriere\\\/#breadcrumb\",\"itemListElement\":[{\"@type\":\"ListItem\",\"position\":1,\"name\":\"Home\",\"item\":\"https:\\\/\\\/lesageinc.com\\\/\"},{\"@type\":\"ListItem\",\"position\":2,\"name\":\"Carri\u00e8re\"}]},{\"@type\":\"WebSite\",\"@id\":\"https:\\\/\\\/lesageinc.com\\\/#website\",\"url\":\"https:\\\/\\\/lesageinc.com\\\/\",\"name\":\"Lesageinc\",\"description\":\"Partenaire en Maintenance et R\u00e9paration d\u2019\u00e9quipements frigorifiques\",\"publisher\":{\"@id\":\"https:\\\/\\\/lesageinc.com\\\/#organization\"},\"potentialAction\":[{\"@type\":\"SearchAction\",\"target\":{\"@type\":\"EntryPoint\",\"urlTemplate\":\"https:\\\/\\\/lesageinc.com\\\/?s={search_term_string}\"},\"query-input\":{\"@type\":\"PropertyValueSpecification\",\"valueRequired\":true,\"valueName\":\"search_term_string\"}}],\"inLanguage\":\"en-CA\"},{\"@type\":\"Organization\",\"@id\":\"https:\\\/\\\/lesageinc.com\\\/#organization\",\"name\":\"Lesageinc\",\"url\":\"https:\\\/\\\/lesageinc.com\\\/\",\"logo\":{\"@type\":\"ImageObject\",\"inLanguage\":\"en-CA\",\"@id\":\"https:\\\/\\\/lesageinc.com\\\/#\\\/schema\\\/logo\\\/image\\\/\",\"url\":\"https:\\\/\\\/lesageinc.com\\\/wp-content\\\/uploads\\\/2024\\\/02\\\/1200x630-2.jpg\",\"contentUrl\":\"https:\\\/\\\/lesageinc.com\\\/wp-content\\\/uploads\\\/2024\\\/02\\\/1200x630-2.jpg\",\"width\":1200,\"height\":630,\"caption\":\"Lesageinc\"},\"image\":{\"@id\":\"https:\\\/\\\/lesageinc.com\\\/#\\\/schema\\\/logo\\\/image\\\/\"}}]}<\/script>\n<!-- \/ Yoast SEO plugin. -->","yoast_head_json":{"title":"Carri\u00e8res - Lesage Inc","description":"Joignez-vous \u00e0 l'\u00e9quipe Lesage Inc. et faites partie de nos professionnels d\u00e9vou\u00e9s dans les services d'\u00e9quipements de r\u00e9frig\u00e9ration.","robots":{"index":"index","follow":"follow","max-snippet":"max-snippet:-1","max-image-preview":"max-image-preview:large","max-video-preview":"max-video-preview:-1"},"canonical":"https:\/\/lesageinc.com\/en\/carriere\/","og_locale":"en_US","og_type":"article","og_title":"Carri\u00e8res - Lesage Inc","og_description":"Joignez-vous \u00e0 l'\u00e9quipe Lesage Inc. et faites partie de nos professionnels d\u00e9vou\u00e9s dans les services d'\u00e9quipements de r\u00e9frig\u00e9ration.","og_url":"https:\/\/lesageinc.com\/en\/carriere\/","og_site_name":"Lesageinc","article_modified_time":"2024-03-07T14:18:19+00:00","og_image":[{"width":1200,"height":630,"url":"https:\/\/lesageinc.com\/wp-content\/uploads\/2024\/02\/1200x630-2.jpg","type":"image\/jpeg"}],"twitter_card":"summary_large_image","twitter_misc":{"Est. reading time":"1 minute"},"schema":{"@context":"https:\/\/schema.org","@graph":[{"@type":"WebPage","@id":"https:\/\/lesageinc.com\/carriere\/","url":"https:\/\/lesageinc.com\/carriere\/","name":"Carri\u00e8res - Lesage Inc","isPartOf":{"@id":"https:\/\/lesageinc.com\/#website"},"datePublished":"2023-11-07T05:26:55+00:00","dateModified":"2024-03-07T14:18:19+00:00","description":"Joignez-vous \u00e0 l'\u00e9quipe Lesage Inc. et faites partie de nos professionnels d\u00e9vou\u00e9s dans les services d'\u00e9quipements de r\u00e9frig\u00e9ration.","breadcrumb":{"@id":"https:\/\/lesageinc.com\/carriere\/#breadcrumb"},"inLanguage":"en-CA","potentialAction":[{"@type":"ReadAction","target":["https:\/\/lesageinc.com\/carriere\/"]}]},{"@type":"BreadcrumbList","@id":"https:\/\/lesageinc.com\/carriere\/#breadcrumb","itemListElement":[{"@type":"ListItem","position":1,"name":"Home","item":"https:\/\/lesageinc.com\/"},{"@type":"ListItem","position":2,"name":"Carri\u00e8re"}]},{"@type":"WebSite","@id":"https:\/\/lesageinc.com\/#website","url":"https:\/\/lesageinc.com\/","name":"Lesageinc","description":"Partenaire en Maintenance et R\u00e9paration d\u2019\u00e9quipements frigorifiques","publisher":{"@id":"https:\/\/lesageinc.com\/#organization"},"potentialAction":[{"@type":"SearchAction","target":{"@type":"EntryPoint","urlTemplate":"https:\/\/lesageinc.com\/?s={search_term_string}"},"query-input":{"@type":"PropertyValueSpecification","valueRequired":true,"valueName":"search_term_string"}}],"inLanguage":"en-CA"},{"@type":"Organization","@id":"https:\/\/lesageinc.com\/#organization","name":"Lesageinc","url":"https:\/\/lesageinc.com\/","logo":{"@type":"ImageObject","inLanguage":"en-CA","@id":"https:\/\/lesageinc.com\/#\/schema\/logo\/image\/","url":"https:\/\/lesageinc.com\/wp-content\/uploads\/2024\/02\/1200x630-2.jpg","contentUrl":"https:\/\/lesageinc.com\/wp-content\/uploads\/2024\/02\/1200x630-2.jpg","width":1200,"height":630,"caption":"Lesageinc"},"image":{"@id":"https:\/\/lesageinc.com\/#\/schema\/logo\/image\/"}}]}},"builder_content":"<h2>Joignez-vous \u00e0 notre \u00e9quipe!<\/h2> <p>Nous serions ravis de conna\u00eetre davantage vos comp\u00e9tences et votre exp\u00e9rience. Votre potentiel pourrait \u00eatre exactement ce que nous recherchons !<\/p>\n\n<h4>D\u00c9POSE TON CV ICI!<\/h4>\n<form id=\"tb_f0tp364-form\" method=\"post\" data-post-id=\"0\" data-element-id=\"f0tp364\" data-orig-id=\"428\" > <label for=\"tb_f0tp364-contact-name\"> Ton nom <\/label> <input type=\"text\" name=\"contact-name\" placeholder=\"\" id=\"tb_f0tp364-contact-name\" value=\"\" > <label for=\"tb_f0tp364-contact-email\"> Ton courriel <\/label> <input type=\"email\" name=\"contact-email\" placeholder=\"\" id=\"tb_f0tp364-contact-email\" value=\"\" > <label for=\"tb_f0tp364-contact-subject\"> Num\u00e9ro * <\/label> <input type=\"text\" name=\"contact-subject\" placeholder=\"\" id=\"tb_f0tp364-contact-subject\" value=\"\" required> <label for=\"field_extra_tb_f0tp364_0\"> T\u00e9l\u00e9verser ton CV <input type=\"hidden\" name=\"field_extra_name_0\" value=\"T\u00e9l\u00e9verser ton CV\"> <\/label> <input type=\"file\" name=\"field_extra_0\" id=\"field_extra_tb_f0tp364_0\" placeholder=\" \"> <label for=\"tb_f0tp364-contact-message\"> Message <\/label> <textarea name=\"contact-message\" placeholder=\"\" id=\"tb_f0tp364-contact-message\"><\/textarea> <button type=\"submit\"> ENVOYER <\/button> <\/form>","_links":{"self":[{"href":"https:\/\/lesageinc.com\/en\/wp-json\/wp\/v2\/pages\/428","targetHints":{"allow":["GET"]}}],"collection":[{"href":"https:\/\/lesageinc.com\/en\/wp-json\/wp\/v2\/pages"}],"about":[{"href":"https:\/\/lesageinc.com\/en\/wp-json\/wp\/v2\/types\/page"}],"author":[{"embeddable":true,"href":"https:\/\/lesageinc.com\/en\/wp-json\/wp\/v2\/users\/6"}],"replies":[{"embeddable":true,"href":"https:\/\/lesageinc.com\/en\/wp-json\/wp\/v2\/comments?post=428"}],"version-history":[{"count":10,"href":"https:\/\/lesageinc.com\/en\/wp-json\/wp\/v2\/pages\/428\/revisions"}],"predecessor-version":[{"id":701,"href":"https:\/\/lesageinc.com\/en\/wp-json\/wp\/v2\/pages\/428\/revisions\/701"}],"wp:attachment":[{"href":"https:\/\/lesageinc.com\/en\/wp-json\/wp\/v2\/media?parent=428"}],"curies":[{"name":"wp","href":"https:\/\/api.w.org\/{rel}","templated":true}]}}