{"id":351,"date":"2023-11-03T04:47:02","date_gmt":"2023-11-03T04:47:02","guid":{"rendered":"https:\/\/lesageinc.com\/?page_id=351"},"modified":"2024-03-05T13:44:09","modified_gmt":"2024-03-05T13:44:09","slug":"schedule-an-appointment","status":"publish","type":"page","link":"https:\/\/lesageinc.com\/en\/schedule-an-appointment\/","title":{"rendered":"Schedule an appointment"},"content":{"rendered":"<!--themify_builder_content-->\n<div id=\"themify_builder_content-351\" data-postid=\"351\" class=\"themify_builder_content themify_builder_content-351 themify_builder tf_clear\">\n                    <div  data-css_id=\"5vwo743\" data-lazy=\"1\" class=\"module_row themify_builder_row fullwidth_row_container tb_5vwo743 tb_first tf_w\">\n                        <div class=\"row_inner col_align_top tb_col_count_1 tf_box tf_rel\">\n                        <div  data-lazy=\"1\" class=\"module_column tb-column col-full tb_rcsr744 first\">\n                    <!-- module text -->\n<div  class=\"module module-text tb_5gxv200\" data-lazy=\"1\">\n        <div  class=\"tb_text_wrap\">\n        <h1 class=\"et_pb_module_header\">PRENDRE UN RENDEZ-VOUS<\/h1>\n<div class=\"et_pb_fullwidth_header_container center\">\n<div class=\"header-content-container center\">\n<div class=\"header-content\">\n<p>Nous aimerions avoir de vos nouvelles ! Veuillez remplir ce formulaire et nous vous contacterons sous peu.<\/p>\n<div class=\"et_pb_header_content_wrapper\">\u00a0<\/div>\n<\/div>\n<\/div>\n<\/div>    <\/div>\n<\/div>\n<!-- \/module text -->        <\/div>\n                        <\/div>\n        <\/div>\n                        <div  data-css_id=\"pk09879\" data-lazy=\"1\" class=\"module_row themify_builder_row fullwidth_row_container tb_pk09879 tf_w\">\n                        <div class=\"row_inner col_align_top tb_col_count_1 tf_box tf_rel\">\n                        <div  data-lazy=\"1\" class=\"module_column tb-column col-full tb_ysz7880 first\">\n                    <!-- module contact -->\n<div  id=\"tb_7z16891\" class=\"module module-contact tb_7z16891 contact-style1\" data-lazy=\"1\">\n    \n\t<form class=\"builder-contact\"\n\t\tid=\"tb_7z16891-form\"\n\t\tmethod=\"post\"\n\t\tdata-post-id=\"351\"\n\t\tdata-element-id=\"7z16891\"\n\t\tdata-orig-id=\"351\" action=\"\"\n\t>\n    <div class=\"contact-message\"><\/div>\n\t<div class=\"builder-contact-fields tf_rel\">\n\t\t    \t\t    <div class=\"builder-contact-field builder-contact-field-name builder-contact-text-field\">\n\t\t\t    <label class=\"control-label\" for=\"tb_7z16891-contact-name\">\n\t\t\t\t\t\t\t\t\t\t<span class=\"tb-label-span\">Pr\u00e9nom <\/span><span class=\"required\">*<\/span>\t\t\t\t<\/label>\n\t\t\t    <div class=\"control-input tf_rel\">\n\t\t\t\t    \t\t\t\t\t    <input type=\"text\" name=\"contact-name\" placeholder=\"\" id=\"tb_7z16891-contact-name\" value=\"\" class=\"form-control\" required>\n\t\t\t\t    \t\t\t\t    \t\t\t    <\/div>\n\t\t<\/div>\n\t    \n\t\t    \t\t    \t\t    <div class=\"builder-contact-field builder-contact-field-extra builder-contact-text-field\">\n\t\t\t\t\n\t\t\t\t<label class=\"control-label\" for=\"field_extra_tb_7z16891_0\">\n\t\t\t\t\t\n\t\t\t\t\tName\t\t\t\t\t\t\t\t\t\t\t<input type=\"hidden\" name=\"field_extra_name_0\" value=\"Nom\">\n\t\t\t\t\t\t\t\t\t<\/label>\n\t\t\t\t<div class=\"control-input tf_rel\">\n\t\t\t\t\t\t\t\t\t\t\t<input type=\"text\" name=\"field_extra_0\" id=\"field_extra_tb_7z16891_0\" placeholder=\"\" class=\"form-control\">\n\t\t\t\t\t\n\t\t\t\t\t\t\t\t\t<\/div>\n\t\t    <\/div>\n\t    \n\t\t    \t\t    \t\t    <div class=\"builder-contact-field builder-contact-field-extra builder-contact-text-field builder-contact-tel-field\">\n\t\t\t\t\n\t\t\t\t<label class=\"control-label\" for=\"field_extra_tb_7z16891_1\">\n\t\t\t\t\t\n\t\t\t\t\tPhone\t\t\t\t\t\t\t\t\t\t\t<input type=\"hidden\" name=\"field_extra_name_1\" value=\"T\u00e9l\u00e9phone\">\n\t\t\t\t\t\t\t\t\t\t\t<span class=\"required\">*<\/span>\n\t\t\t\t\t\t\t\t\t<\/label>\n\t\t\t\t<div class=\"control-input tf_rel\">\n\t\t\t\t\t\t\t\t\t\t\t<input type=\"tel\" name=\"field_extra_1\" id=\"field_extra_tb_7z16891_1\" placeholder=\"\" class=\"form-control\" required>\n\t\t\t\t\t\n\t\t\t\t\t\t\t\t\t<\/div>\n\t\t    <\/div>\n\t    \n\t\t    \t\t    <div class=\"builder-contact-field builder-contact-field-email builder-contact-text-field\">\n\t\t\t    <label class=\"control-label\" for=\"tb_7z16891-contact-email\">\n\t\t\t\t\t\t\t\t\t\t<span class=\"tb-label-span\">E-mail <\/span><span class=\"required\">*<\/span>\t\t\t\t<\/label>\n\t\t\t    <div class=\"control-input tf_rel\">\n\t\t\t\t    \t\t\t\t\t    <input type=\"email\" name=\"contact-email\" placeholder=\"\" id=\"tb_7z16891-contact-email\" value=\"\" class=\"form-control\" required>\n\t\t\t\t    \t\t\t\t    \t\t\t    <\/div>\n\t\t<\/div>\n\t    \n\t\t    \t\t    <div class=\"builder-contact-field builder-contact-field-message builder-contact-textarea-field\">\n\t\t\t    <label class=\"control-label\" for=\"tb_7z16891-contact-message\">\n\t\t\t\t\t\t\t\t\t\t<span class=\"tb-label-span\">Message <\/span>\t\t\t\t<\/label>\n\t\t\t    <div class=\"control-input tf_rel\">\n\t\t\t\t    \t\t\t\t\t    <textarea name=\"contact-message\" placeholder=\"\" id=\"tb_7z16891-contact-message\" class=\"form-control\"><\/textarea>\n\t\t\t\t    \t\t\t\t    \t\t\t    <\/div>\n\t\t<\/div>\n\t    \n\t\t    \t\t\n\t\t\n\t    \n\t    <div class=\"builder-contact-field builder-contact-field-send control-input tf_textl tf_clear tf_rel\">\n\t\t\t<button type=\"submit\" class=\"btn btn-primary\">\n\t\t\t\t<span class=\"tf_loader\"><\/span>\t\t\t\t<span class=\"tf_submit_icon\"><\/span> \n\t\t\t\tSend\t\t\t<\/button>\n\t    <\/div>\n\t<\/div>\n    <input type=\"hidden\" name=\"trp-form-language\" value=\"en\"\/><\/form>\n    <\/div>\n<!-- \/module contact -->\n        <\/div>\n                        <\/div>\n        <\/div>\n        <\/div>\n<!--\/themify_builder_content-->","protected":false},"excerpt":{"rendered":"<p>PRENDRE UN RENDEZ-VOUS Nous aimerions avoir de vos nouvelles ! Veuillez remplir ce formulaire et nous vous contacterons sous peu. \u00a0<\/p>","protected":false},"author":6,"featured_media":0,"parent":0,"menu_order":0,"comment_status":"closed","ping_status":"closed","template":"","meta":{"footnotes":""},"class_list":["post-351","page","type-page","status-publish","hentry","has-post-title","has-post-date","has-post-category","has-post-tag","has-post-comment","has-post-author",""],"aioseo_notices":[],"yoast_head":"<!-- This site is optimized with the Yoast SEO plugin v27.5 - https:\/\/yoast.com\/product\/yoast-seo-wordpress\/ -->\n<title>Prendre rendez-vous - Lesage Inc<\/title>\n<meta name=\"description\" content=\"Prenez rendez-vous avec Lesage Inc. pour des services d&#039;experts et l&#039;entretien de vos \u00e9quipements de r\u00e9frig\u00e9ration.\" \/>\n<meta name=\"robots\" content=\"index, follow, max-snippet:-1, max-image-preview:large, max-video-preview:-1\" \/>\n<link rel=\"canonical\" href=\"https:\/\/lesageinc.com\/en\/schedule-an-appointment\/\" \/>\n<meta property=\"og:locale\" content=\"en_US\" \/>\n<meta property=\"og:type\" content=\"article\" \/>\n<meta property=\"og:title\" content=\"Prendre rendez-vous - Lesage Inc\" \/>\n<meta property=\"og:description\" content=\"Prenez rendez-vous avec Lesage Inc. pour des services d&#039;experts et l&#039;entretien de vos \u00e9quipements de r\u00e9frig\u00e9ration.\" \/>\n<meta property=\"og:url\" content=\"https:\/\/lesageinc.com\/en\/schedule-an-appointment\/\" \/>\n<meta property=\"og:site_name\" content=\"Lesageinc\" \/>\n<meta property=\"article:modified_time\" content=\"2024-03-05T13:44:09+00:00\" \/>\n<meta property=\"og:image\" content=\"https:\/\/lesageinc.com\/wp-content\/uploads\/2024\/02\/1200x630-2.jpg\" \/>\n\t<meta property=\"og:image:width\" content=\"1200\" \/>\n\t<meta property=\"og:image:height\" content=\"630\" \/>\n\t<meta property=\"og:image:type\" content=\"image\/jpeg\" \/>\n<meta name=\"twitter:card\" content=\"summary_large_image\" \/>\n<meta name=\"twitter:label1\" content=\"Est. reading time\" \/>\n\t<meta name=\"twitter:data1\" content=\"1 minute\" \/>\n<script type=\"application\/ld+json\" class=\"yoast-schema-graph\">{\"@context\":\"https:\\\/\\\/schema.org\",\"@graph\":[{\"@type\":\"WebPage\",\"@id\":\"https:\\\/\\\/lesageinc.com\\\/schedule-an-appointment\\\/\",\"url\":\"https:\\\/\\\/lesageinc.com\\\/schedule-an-appointment\\\/\",\"name\":\"Prendre rendez-vous - Lesage Inc\",\"isPartOf\":{\"@id\":\"https:\\\/\\\/lesageinc.com\\\/#website\"},\"datePublished\":\"2023-11-03T04:47:02+00:00\",\"dateModified\":\"2024-03-05T13:44:09+00:00\",\"description\":\"Prenez rendez-vous avec Lesage Inc. pour des services d'experts et l'entretien de vos \u00e9quipements de r\u00e9frig\u00e9ration.\",\"breadcrumb\":{\"@id\":\"https:\\\/\\\/lesageinc.com\\\/schedule-an-appointment\\\/#breadcrumb\"},\"inLanguage\":\"en-CA\",\"potentialAction\":[{\"@type\":\"ReadAction\",\"target\":[\"https:\\\/\\\/lesageinc.com\\\/schedule-an-appointment\\\/\"]}]},{\"@type\":\"BreadcrumbList\",\"@id\":\"https:\\\/\\\/lesageinc.com\\\/schedule-an-appointment\\\/#breadcrumb\",\"itemListElement\":[{\"@type\":\"ListItem\",\"position\":1,\"name\":\"Home\",\"item\":\"https:\\\/\\\/lesageinc.com\\\/\"},{\"@type\":\"ListItem\",\"position\":2,\"name\":\"Schedule an appointment\"}]},{\"@type\":\"WebSite\",\"@id\":\"https:\\\/\\\/lesageinc.com\\\/#website\",\"url\":\"https:\\\/\\\/lesageinc.com\\\/\",\"name\":\"Lesageinc\",\"description\":\"Partenaire en Maintenance et R\u00e9paration d\u2019\u00e9quipements frigorifiques\",\"publisher\":{\"@id\":\"https:\\\/\\\/lesageinc.com\\\/#organization\"},\"potentialAction\":[{\"@type\":\"SearchAction\",\"target\":{\"@type\":\"EntryPoint\",\"urlTemplate\":\"https:\\\/\\\/lesageinc.com\\\/?s={search_term_string}\"},\"query-input\":{\"@type\":\"PropertyValueSpecification\",\"valueRequired\":true,\"valueName\":\"search_term_string\"}}],\"inLanguage\":\"en-CA\"},{\"@type\":\"Organization\",\"@id\":\"https:\\\/\\\/lesageinc.com\\\/#organization\",\"name\":\"Lesageinc\",\"url\":\"https:\\\/\\\/lesageinc.com\\\/\",\"logo\":{\"@type\":\"ImageObject\",\"inLanguage\":\"en-CA\",\"@id\":\"https:\\\/\\\/lesageinc.com\\\/#\\\/schema\\\/logo\\\/image\\\/\",\"url\":\"https:\\\/\\\/lesageinc.com\\\/wp-content\\\/uploads\\\/2024\\\/02\\\/1200x630-2.jpg\",\"contentUrl\":\"https:\\\/\\\/lesageinc.com\\\/wp-content\\\/uploads\\\/2024\\\/02\\\/1200x630-2.jpg\",\"width\":1200,\"height\":630,\"caption\":\"Lesageinc\"},\"image\":{\"@id\":\"https:\\\/\\\/lesageinc.com\\\/#\\\/schema\\\/logo\\\/image\\\/\"}}]}<\/script>\n<!-- \/ Yoast SEO plugin. -->","yoast_head_json":{"title":"Prendre rendez-vous - Lesage Inc","description":"Prenez rendez-vous avec Lesage Inc. pour des services d'experts et l'entretien de vos \u00e9quipements de r\u00e9frig\u00e9ration.","robots":{"index":"index","follow":"follow","max-snippet":"max-snippet:-1","max-image-preview":"max-image-preview:large","max-video-preview":"max-video-preview:-1"},"canonical":"https:\/\/lesageinc.com\/en\/schedule-an-appointment\/","og_locale":"en_US","og_type":"article","og_title":"Prendre rendez-vous - Lesage Inc","og_description":"Prenez rendez-vous avec Lesage Inc. pour des services d'experts et l'entretien de vos \u00e9quipements de r\u00e9frig\u00e9ration.","og_url":"https:\/\/lesageinc.com\/en\/schedule-an-appointment\/","og_site_name":"Lesageinc","article_modified_time":"2024-03-05T13:44:09+00:00","og_image":[{"width":1200,"height":630,"url":"https:\/\/lesageinc.com\/wp-content\/uploads\/2024\/02\/1200x630-2.jpg","type":"image\/jpeg"}],"twitter_card":"summary_large_image","twitter_misc":{"Est. reading time":"1 minute"},"schema":{"@context":"https:\/\/schema.org","@graph":[{"@type":"WebPage","@id":"https:\/\/lesageinc.com\/schedule-an-appointment\/","url":"https:\/\/lesageinc.com\/schedule-an-appointment\/","name":"Prendre rendez-vous - Lesage Inc","isPartOf":{"@id":"https:\/\/lesageinc.com\/#website"},"datePublished":"2023-11-03T04:47:02+00:00","dateModified":"2024-03-05T13:44:09+00:00","description":"Prenez rendez-vous avec Lesage Inc. pour des services d'experts et l'entretien de vos \u00e9quipements de r\u00e9frig\u00e9ration.","breadcrumb":{"@id":"https:\/\/lesageinc.com\/schedule-an-appointment\/#breadcrumb"},"inLanguage":"en-CA","potentialAction":[{"@type":"ReadAction","target":["https:\/\/lesageinc.com\/schedule-an-appointment\/"]}]},{"@type":"BreadcrumbList","@id":"https:\/\/lesageinc.com\/schedule-an-appointment\/#breadcrumb","itemListElement":[{"@type":"ListItem","position":1,"name":"Home","item":"https:\/\/lesageinc.com\/"},{"@type":"ListItem","position":2,"name":"Schedule an appointment"}]},{"@type":"WebSite","@id":"https:\/\/lesageinc.com\/#website","url":"https:\/\/lesageinc.com\/","name":"Lesageinc","description":"Partenaire en Maintenance et R\u00e9paration d\u2019\u00e9quipements frigorifiques","publisher":{"@id":"https:\/\/lesageinc.com\/#organization"},"potentialAction":[{"@type":"SearchAction","target":{"@type":"EntryPoint","urlTemplate":"https:\/\/lesageinc.com\/?s={search_term_string}"},"query-input":{"@type":"PropertyValueSpecification","valueRequired":true,"valueName":"search_term_string"}}],"inLanguage":"en-CA"},{"@type":"Organization","@id":"https:\/\/lesageinc.com\/#organization","name":"Lesageinc","url":"https:\/\/lesageinc.com\/","logo":{"@type":"ImageObject","inLanguage":"en-CA","@id":"https:\/\/lesageinc.com\/#\/schema\/logo\/image\/","url":"https:\/\/lesageinc.com\/wp-content\/uploads\/2024\/02\/1200x630-2.jpg","contentUrl":"https:\/\/lesageinc.com\/wp-content\/uploads\/2024\/02\/1200x630-2.jpg","width":1200,"height":630,"caption":"Lesageinc"},"image":{"@id":"https:\/\/lesageinc.com\/#\/schema\/logo\/image\/"}}]}},"builder_content":"<h1>PRENDRE UN RENDEZ-VOUS<\/h1>\n<p>Nous aimerions avoir de vos nouvelles ! Veuillez remplir ce formulaire et nous vous contacterons sous peu.<\/p> \u00a0\n<form id=\"tb_7z16891-form\" method=\"post\" data-post-id=\"0\" data-element-id=\"7z16891\" data-orig-id=\"351\" > <label for=\"tb_7z16891-contact-name\"> Pr\u00e9nom * <\/label> <input type=\"text\" name=\"contact-name\" placeholder=\"\" id=\"tb_7z16891-contact-name\" value=\"\" required> <label for=\"field_extra_tb_7z16891_0\"> Nom <input type=\"hidden\" name=\"field_extra_name_0\" value=\"Nom\"> <\/label> <input type=\"text\" name=\"field_extra_0\" id=\"field_extra_tb_7z16891_0\" placeholder=\"\"> <label for=\"field_extra_tb_7z16891_1\"> T\u00e9l\u00e9phone <input type=\"hidden\" name=\"field_extra_name_1\" value=\"T\u00e9l\u00e9phone\"> * <\/label> <input type=\"tel\" name=\"field_extra_1\" id=\"field_extra_tb_7z16891_1\" placeholder=\"\" required> <label for=\"tb_7z16891-contact-email\"> Courriel * <\/label> <input type=\"email\" name=\"contact-email\" placeholder=\"\" id=\"tb_7z16891-contact-email\" value=\"\" required> <label for=\"tb_7z16891-contact-message\"> Message <\/label> <textarea name=\"contact-message\" placeholder=\"\" id=\"tb_7z16891-contact-message\"><\/textarea> <button type=\"submit\"> Envoyer <\/button> <\/form>","_links":{"self":[{"href":"https:\/\/lesageinc.com\/en\/wp-json\/wp\/v2\/pages\/351","targetHints":{"allow":["GET"]}}],"collection":[{"href":"https:\/\/lesageinc.com\/en\/wp-json\/wp\/v2\/pages"}],"about":[{"href":"https:\/\/lesageinc.com\/en\/wp-json\/wp\/v2\/types\/page"}],"author":[{"embeddable":true,"href":"https:\/\/lesageinc.com\/en\/wp-json\/wp\/v2\/users\/6"}],"replies":[{"embeddable":true,"href":"https:\/\/lesageinc.com\/en\/wp-json\/wp\/v2\/comments?post=351"}],"version-history":[{"count":10,"href":"https:\/\/lesageinc.com\/en\/wp-json\/wp\/v2\/pages\/351\/revisions"}],"predecessor-version":[{"id":664,"href":"https:\/\/lesageinc.com\/en\/wp-json\/wp\/v2\/pages\/351\/revisions\/664"}],"wp:attachment":[{"href":"https:\/\/lesageinc.com\/en\/wp-json\/wp\/v2\/media?parent=351"}],"curies":[{"name":"wp","href":"https:\/\/api.w.org\/{rel}","templated":true}]}}