{"id":23,"date":"2023-08-25T05:41:46","date_gmt":"2023-08-25T05:41:46","guid":{"rendered":"https:\/\/lesageinc.com\/?page_id=23"},"modified":"2024-03-07T14:13:18","modified_gmt":"2024-03-07T14:13:18","slug":"contact","status":"publish","type":"page","link":"https:\/\/lesageinc.com\/en\/contact\/","title":{"rendered":"Contact US"},"content":{"rendered":"<!--themify_builder_content-->\n<div id=\"themify_builder_content-23\" data-postid=\"23\" class=\"themify_builder_content themify_builder_content-23 themify_builder tf_clear\">\n                    <div  data-css_id=\"qjek675\" data-lazy=\"1\" class=\"module_row themify_builder_row fullwidth_row_container tb_qjek675 tb_first tf_w\">\n                        <div class=\"row_inner col_align_top tb_col_count_1 tf_box tf_rel\">\n                        <div  data-lazy=\"1\" class=\"module_column tb-column col-full tb_u8uk675 first\">\n                    <!-- module text -->\n<div  class=\"module module-text tb_30tz675\" data-lazy=\"1\">\n        <div  class=\"tb_text_wrap\">\n        <h1>Contact US<\/h1>    <\/div>\n<\/div>\n<!-- \/module text -->        <\/div>\n                        <\/div>\n        <\/div>\n                        <div  data-css_id=\"dzuz582\" data-lazy=\"1\" class=\"module_row themify_builder_row fullwidth_row_container tb_dzuz582 tf_w\">\n                        <div class=\"row_inner col_align_top tb_col_count_1 tf_box tf_rel\">\n                        <div  data-lazy=\"1\" class=\"module_column tb-column col-full tb_cg8y583 first\">\n                    <!-- module text -->\n<div  class=\"module module-text tb_uhoy224\" data-lazy=\"1\">\n        <div  class=\"tb_text_wrap\">\n        <div class=\"module_row themify_builder_row fullwidth_row_container tb_3pfm281 tf_w tf_clearfix\" data-css_id=\"3pfm281\" data-fullwidth-done=\"1\">\n<div class=\"row_inner col_align_top tb_col_count_1 tf_box tf_rel\">\n<div class=\"module_column tb-column col-full tb_31ld281 first\">\n<div class=\"tb-column-inner tf_box tf_w\">\n<div class=\"module module-text tb_j0jw281\">\n<div class=\"tb_text_wrap\">\n<h2>SERVICE POINT<\/h2>\n<\/div>\n<\/div>\n<\/div>\n<\/div>\n<\/div>\n<\/div>    <\/div>\n<\/div>\n<!-- \/module text -->        <div  data-lazy=\"1\" class=\"module_subrow themify_builder_sub_row tf_w col_align_top tb_col_count_1 tb_wfih583\">\n                <div  data-lazy=\"1\" class=\"module_column sub_column col-full tb_6n22583 first\">\n                    <!-- module image -->\n<div  class=\"module module-image tb_663a583 image-center   tf_mw\" data-lazy=\"1\">\n        <div class=\"image-wrap tf_rel tf_mw\">\n                \n        <\/div>\n    <!-- \/image-wrap -->\n    \n        <div class=\"image-content\">\n                    <h3 class=\"image-title\">\n                                    Laval                            <\/h3>\n                        <div class=\"image-caption tb_text_wrap\">\n            \n817 Rue Salaberry, Laval, Quebec, H7S 1H5\n(514) 337-3585\ninfo@lesageinc.com        <\/div>\n        <!-- \/image-caption -->\n            <\/div>\n    <!-- \/image-content -->\n        <\/div>\n<!-- \/module image --><!-- module box -->\n<div  class=\"module module-box tb_bvw3704\" data-lazy=\"1\">\n    <div class=\"module-box-content ui  tb_default_color\">\n                <div class=\"tb_text_wrap\"><p>(514) 337-3585 ext. 1 for service<br>(514) 337-3585 ext. 2 for estimates and sales<\/p><\/div>\n    <\/div>\n<\/div>\n<!-- \/module box -->\n        <\/div>\n                    <\/div>\n                <\/div>\n                        <\/div>\n        <\/div>\n                        <div  data-css_id=\"k449346\" data-lazy=\"1\" class=\"module_row themify_builder_row fullwidth_row_container tb_k449346 tf_w\">\n                        <div class=\"row_inner col_align_top gutter-narrow tb_col_count_2 tf_box tf_rel\">\n                        <div  data-lazy=\"1\" class=\"module_column tb-column col4-3 tb_rmju347 first\">\n                    <!-- module text -->\n<div  class=\"module module-text tb_qxgv86\" data-lazy=\"1\">\n        <div  class=\"tb_text_wrap\">\n        <div class=\"module_row themify_builder_row fullwidth_row_container tb_3pfm281 tf_w tf_clearfix\" style=\"margin-left: -198.5px; margin-right: -198.5px; width: 1557px; padding-left: 198.5px; padding-right: 198.5px;\" data-css_id=\"3pfm281\" data-fullwidth-done=\"1\">\n<div class=\"row_inner col_align_top tb_col_count_1 tf_box tf_rel\">\n<div class=\"module_column tb-column col-full tb_31ld281 first tb_hide_drag_left tb_hide_drag_right\">\n<div class=\"tb-column-inner tf_box tf_w\">\n<div class=\"module module-text tb_j0jw281\">\n<div class=\"tb_text_wrap\">\n<h2>FILL IN THE CONTACT FORM<\/h2>\n<p style=\"text-align: left;\">Nous sommes impatients de discuter de votre projet avec vous. <br>If you have any questions, do not hesitate to contact us, we will answer you <br>rapidement.<\/p>\n<div class=\"vc_custom_heading\">\u00a0<\/div>\n<\/div>\n<\/div>\n<\/div>\n<\/div>\n<\/div>\n<\/div>    <\/div>\n<\/div>\n<!-- \/module text --><!-- module contact -->\n<div  id=\"tb_o61z304\" class=\"module module-contact tb_o61z304 contact-style2\" data-lazy=\"1\">\n    \n\t<form class=\"builder-contact\"\n\t\tid=\"tb_o61z304-form\"\n\t\tmethod=\"post\"\n\t\tdata-post-id=\"23\"\n\t\tdata-element-id=\"o61z304\"\n\t\tdata-orig-id=\"23\" action=\"\"\n\t>\n    <div class=\"contact-message\"><\/div>\n\t<div class=\"builder-contact-fields tf_rel\">\n\t\t    \t\t    <div class=\"builder-contact-field builder-contact-field-name builder-contact-text-field\">\n\t\t\t    <label class=\"control-label\" for=\"tb_o61z304-contact-name\">\n\t\t\t\t\t\t\t\t\t\t<span class=\"tb-label-span\">Name <\/span><span class=\"required\">*<\/span>\t\t\t\t<\/label>\n\t\t\t    <div class=\"control-input tf_rel\">\n\t\t\t\t    \t\t\t\t\t    <input type=\"text\" name=\"contact-name\" placeholder=\"\" id=\"tb_o61z304-contact-name\" value=\"\" class=\"form-control\" required>\n\t\t\t\t    \t\t\t\t    \t\t\t    <\/div>\n\t\t<\/div>\n\t    \n\t\t    \t\t    <div class=\"builder-contact-field builder-contact-field-email builder-contact-text-field\">\n\t\t\t    <label class=\"control-label\" for=\"tb_o61z304-contact-email\">\n\t\t\t\t\t\t\t\t\t\t<span class=\"tb-label-span\">E-mail <\/span><span class=\"required\">*<\/span>\t\t\t\t<\/label>\n\t\t\t    <div class=\"control-input tf_rel\">\n\t\t\t\t    \t\t\t\t\t    <input type=\"email\" name=\"contact-email\" placeholder=\"\" id=\"tb_o61z304-contact-email\" value=\"\" class=\"form-control\" required>\n\t\t\t\t    \t\t\t\t    \t\t\t    <\/div>\n\t\t<\/div>\n\t    \n\t\t    \t\t    <div class=\"builder-contact-field builder-contact-field-subject builder-contact-text-field\">\n\t\t\t    <label class=\"control-label\" for=\"tb_o61z304-contact-subject\">\n\t\t\t\t\t\t\t\t\t\t<span class=\"tb-label-span\">Subject <\/span><span class=\"required\">*<\/span>\t\t\t\t<\/label>\n\t\t\t    <div class=\"control-input tf_rel\">\n\t\t\t\t    \t\t\t\t\t    <input type=\"text\" name=\"contact-subject\" placeholder=\"\" id=\"tb_o61z304-contact-subject\" value=\"\" class=\"form-control\" required>\n\t\t\t\t    \t\t\t\t    \t\t\t    <\/div>\n\t\t<\/div>\n\t    \n\t\t    \t\t    <div class=\"builder-contact-field builder-contact-field-message builder-contact-textarea-field\">\n\t\t\t    <label class=\"control-label\" for=\"tb_o61z304-contact-message\">\n\t\t\t\t\t\t\t\t\t\t<span class=\"tb-label-span\">Message <\/span>\t\t\t\t<\/label>\n\t\t\t    <div class=\"control-input tf_rel\">\n\t\t\t\t    \t\t\t\t\t    <textarea name=\"contact-message\" placeholder=\"\" id=\"tb_o61z304-contact-message\" class=\"form-control\"><\/textarea>\n\t\t\t\t    \t\t\t\t    \t\t\t    <\/div>\n\t\t<\/div>\n\t    \n\t\t    \t\t\n\t\t\n\t    \n\t    <div class=\"builder-contact-field builder-contact-field-send control-input tf_textl tf_clear tf_rel\">\n\t\t\t<button type=\"submit\" class=\"btn btn-primary\">\n\t\t\t\t<span class=\"tf_loader\"><\/span>\t\t\t\t<span class=\"tf_submit_icon\"><\/span> \n\t\t\t\tSend\t\t\t<\/button>\n\t    <\/div>\n\t<\/div>\n    <input type=\"hidden\" name=\"trp-form-language\" value=\"en\"\/><\/form>\n    <\/div>\n<!-- \/module contact -->\n        <\/div>\n                    <div  data-lazy=\"1\" class=\"module_column tb-column col4-1 tb_w0iw232 last\">\n                    <!-- module plain text -->\n<div  class=\"module module-plain-text tb_u95d233\" data-lazy=\"1\">\n        <div class=\"tb_text_wrap\">\n    <div style=\"width: 100%; overflow: hidden; height: 600px;\">\n  <iframe loading=\"lazy\" \n<iframe src=\"https:\/\/www.google.com\/maps\/d\/embed?mid=15qiNSXVJOrtywwtR4u13SwPAYThAQ64&#038;ehbc=2E312F\" width=\"100%\" height=\"100%\"\n     frameborder=\"0\"\n     style=\"border:0; margin-top: -150px;\"><\/iframe>\n<\/div>    <\/div>\n<\/div>\n<!-- \/module plain text -->        <\/div>\n                        <\/div>\n        <\/div>\n        <\/div>\n<!--\/themify_builder_content-->","protected":false},"excerpt":{"rendered":"<p>Nous joindre POINT DE SERVICE Laval 817 Rue Salaberry, Laval, Qu\u00e9bec, H7S 1H5 (514) 337-3585 info@lesageinc.com (514) 337-3585 ext. 1 pour le service(514) 337-3585 ext. 2 pour les estimations et ventes REMPLISSEZ LE FORMULAIRE DE CONTACT Nous sommes impatients de discuter de votre projet avec vous. Si vous avez des questions, n&rsquo;h\u00e9sitez pas \u00e0 nous [&hellip;]<\/p>\n","protected":false},"author":6,"featured_media":0,"parent":0,"menu_order":0,"comment_status":"closed","ping_status":"open","template":"","meta":{"footnotes":""},"class_list":["post-23","page","type-page","status-publish","hentry","has-post-title","has-post-date","has-post-category","has-post-tag","has-post-comment","has-post-author",""],"aioseo_notices":[],"yoast_head":"<!-- This site is optimized with the Yoast SEO plugin v27.5 - https:\/\/yoast.com\/product\/yoast-seo-wordpress\/ -->\n<title>Nous joindre - Lesageinc<\/title>\n<meta name=\"robots\" content=\"index, follow, max-snippet:-1, max-image-preview:large, max-video-preview:-1\" \/>\n<link rel=\"canonical\" href=\"https:\/\/lesageinc.com\/en\/contact\/\" \/>\n<meta property=\"og:locale\" content=\"en_US\" \/>\n<meta property=\"og:type\" content=\"article\" \/>\n<meta property=\"og:title\" content=\"Nous joindre - Lesageinc\" \/>\n<meta property=\"og:description\" content=\"Nous joindre POINT DE SERVICE Laval 817 Rue Salaberry, Laval, Qu\u00e9bec, H7S 1H5 (514) 337-3585 info@lesageinc.com (514) 337-3585 ext. 1 pour le service(514) 337-3585 ext. 2 pour les estimations et ventes REMPLISSEZ LE FORMULAIRE DE CONTACT Nous sommes impatients de discuter de votre projet avec vous. Si vous avez des questions, n&rsquo;h\u00e9sitez pas \u00e0 nous [&hellip;]\" \/>\n<meta property=\"og:url\" content=\"https:\/\/lesageinc.com\/en\/contact\/\" \/>\n<meta property=\"og:site_name\" content=\"Lesageinc\" \/>\n<meta property=\"article:modified_time\" content=\"2024-03-07T14:13:18+00:00\" \/>\n<meta property=\"og:image\" content=\"https:\/\/lesageinc.com\/wp-content\/uploads\/2024\/02\/1200x630-2.jpg\" \/>\n\t<meta property=\"og:image:width\" content=\"1200\" \/>\n\t<meta property=\"og:image:height\" content=\"630\" \/>\n\t<meta property=\"og:image:type\" content=\"image\/jpeg\" \/>\n<meta name=\"twitter:card\" content=\"summary_large_image\" \/>\n<script type=\"application\/ld+json\" class=\"yoast-schema-graph\">{\"@context\":\"https:\\\/\\\/schema.org\",\"@graph\":[{\"@type\":\"WebPage\",\"@id\":\"https:\\\/\\\/lesageinc.com\\\/contact\\\/\",\"url\":\"https:\\\/\\\/lesageinc.com\\\/contact\\\/\",\"name\":\"Nous joindre - Lesageinc\",\"isPartOf\":{\"@id\":\"https:\\\/\\\/lesageinc.com\\\/#website\"},\"datePublished\":\"2023-08-25T05:41:46+00:00\",\"dateModified\":\"2024-03-07T14:13:18+00:00\",\"breadcrumb\":{\"@id\":\"https:\\\/\\\/lesageinc.com\\\/contact\\\/#breadcrumb\"},\"inLanguage\":\"en-CA\",\"potentialAction\":[{\"@type\":\"ReadAction\",\"target\":[\"https:\\\/\\\/lesageinc.com\\\/contact\\\/\"]}]},{\"@type\":\"BreadcrumbList\",\"@id\":\"https:\\\/\\\/lesageinc.com\\\/contact\\\/#breadcrumb\",\"itemListElement\":[{\"@type\":\"ListItem\",\"position\":1,\"name\":\"Home\",\"item\":\"https:\\\/\\\/lesageinc.com\\\/\"},{\"@type\":\"ListItem\",\"position\":2,\"name\":\"Nous joindre\"}]},{\"@type\":\"WebSite\",\"@id\":\"https:\\\/\\\/lesageinc.com\\\/#website\",\"url\":\"https:\\\/\\\/lesageinc.com\\\/\",\"name\":\"Lesageinc\",\"description\":\"Partenaire en Maintenance et R\u00e9paration d\u2019\u00e9quipements frigorifiques\",\"publisher\":{\"@id\":\"https:\\\/\\\/lesageinc.com\\\/#organization\"},\"potentialAction\":[{\"@type\":\"SearchAction\",\"target\":{\"@type\":\"EntryPoint\",\"urlTemplate\":\"https:\\\/\\\/lesageinc.com\\\/?s={search_term_string}\"},\"query-input\":{\"@type\":\"PropertyValueSpecification\",\"valueRequired\":true,\"valueName\":\"search_term_string\"}}],\"inLanguage\":\"en-CA\"},{\"@type\":\"Organization\",\"@id\":\"https:\\\/\\\/lesageinc.com\\\/#organization\",\"name\":\"Lesageinc\",\"url\":\"https:\\\/\\\/lesageinc.com\\\/\",\"logo\":{\"@type\":\"ImageObject\",\"inLanguage\":\"en-CA\",\"@id\":\"https:\\\/\\\/lesageinc.com\\\/#\\\/schema\\\/logo\\\/image\\\/\",\"url\":\"https:\\\/\\\/lesageinc.com\\\/wp-content\\\/uploads\\\/2024\\\/02\\\/1200x630-2.jpg\",\"contentUrl\":\"https:\\\/\\\/lesageinc.com\\\/wp-content\\\/uploads\\\/2024\\\/02\\\/1200x630-2.jpg\",\"width\":1200,\"height\":630,\"caption\":\"Lesageinc\"},\"image\":{\"@id\":\"https:\\\/\\\/lesageinc.com\\\/#\\\/schema\\\/logo\\\/image\\\/\"}}]}<\/script>\n<!-- \/ Yoast SEO plugin. -->","yoast_head_json":{"title":"Nous joindre - Lesageinc","robots":{"index":"index","follow":"follow","max-snippet":"max-snippet:-1","max-image-preview":"max-image-preview:large","max-video-preview":"max-video-preview:-1"},"canonical":"https:\/\/lesageinc.com\/en\/contact\/","og_locale":"en_US","og_type":"article","og_title":"Nous joindre - Lesageinc","og_description":"Nous joindre POINT DE SERVICE Laval 817 Rue Salaberry, Laval, Qu\u00e9bec, H7S 1H5 (514) 337-3585 info@lesageinc.com (514) 337-3585 ext. 1 pour le service(514) 337-3585 ext. 2 pour les estimations et ventes REMPLISSEZ LE FORMULAIRE DE CONTACT Nous sommes impatients de discuter de votre projet avec vous. Si vous avez des questions, n&rsquo;h\u00e9sitez pas \u00e0 nous [&hellip;]","og_url":"https:\/\/lesageinc.com\/en\/contact\/","og_site_name":"Lesageinc","article_modified_time":"2024-03-07T14:13:18+00:00","og_image":[{"width":1200,"height":630,"url":"https:\/\/lesageinc.com\/wp-content\/uploads\/2024\/02\/1200x630-2.jpg","type":"image\/jpeg"}],"twitter_card":"summary_large_image","schema":{"@context":"https:\/\/schema.org","@graph":[{"@type":"WebPage","@id":"https:\/\/lesageinc.com\/contact\/","url":"https:\/\/lesageinc.com\/contact\/","name":"Nous joindre - Lesageinc","isPartOf":{"@id":"https:\/\/lesageinc.com\/#website"},"datePublished":"2023-08-25T05:41:46+00:00","dateModified":"2024-03-07T14:13:18+00:00","breadcrumb":{"@id":"https:\/\/lesageinc.com\/contact\/#breadcrumb"},"inLanguage":"en-CA","potentialAction":[{"@type":"ReadAction","target":["https:\/\/lesageinc.com\/contact\/"]}]},{"@type":"BreadcrumbList","@id":"https:\/\/lesageinc.com\/contact\/#breadcrumb","itemListElement":[{"@type":"ListItem","position":1,"name":"Home","item":"https:\/\/lesageinc.com\/"},{"@type":"ListItem","position":2,"name":"Nous joindre"}]},{"@type":"WebSite","@id":"https:\/\/lesageinc.com\/#website","url":"https:\/\/lesageinc.com\/","name":"Lesageinc","description":"Partenaire en Maintenance et R\u00e9paration d\u2019\u00e9quipements frigorifiques","publisher":{"@id":"https:\/\/lesageinc.com\/#organization"},"potentialAction":[{"@type":"SearchAction","target":{"@type":"EntryPoint","urlTemplate":"https:\/\/lesageinc.com\/?s={search_term_string}"},"query-input":{"@type":"PropertyValueSpecification","valueRequired":true,"valueName":"search_term_string"}}],"inLanguage":"en-CA"},{"@type":"Organization","@id":"https:\/\/lesageinc.com\/#organization","name":"Lesageinc","url":"https:\/\/lesageinc.com\/","logo":{"@type":"ImageObject","inLanguage":"en-CA","@id":"https:\/\/lesageinc.com\/#\/schema\/logo\/image\/","url":"https:\/\/lesageinc.com\/wp-content\/uploads\/2024\/02\/1200x630-2.jpg","contentUrl":"https:\/\/lesageinc.com\/wp-content\/uploads\/2024\/02\/1200x630-2.jpg","width":1200,"height":630,"caption":"Lesageinc"},"image":{"@id":"https:\/\/lesageinc.com\/#\/schema\/logo\/image\/"}}]}},"builder_content":"<h1>Nous joindre<\/h1>\n<h2>POINT DE SERVICE<\/h2>\n<h3> Laval <\/h3> 817 Rue Salaberry, Laval, Qu\u00e9bec, H7S 1H5 (514) 337-3585 info@lesageinc.com\n<p>(514) 337-3585 ext. 1 pour le service<br>(514) 337-3585 ext. 2 pour les estimations et ventes<\/p>\n<h2>REMPLISSEZ LE FORMULAIRE DE CONTACT<\/h2> <p style=\"text-align: left;\">Nous sommes impatients de discuter de votre projet avec vous. <br>Si vous avez des questions, n'h\u00e9sitez pas \u00e0 nous contacter, nous vous r\u00e9pondrons <br>rapidement.<\/p> \u00a0\n<form id=\"tb_o61z304-form\" method=\"post\" data-post-id=\"0\" data-element-id=\"o61z304\" data-orig-id=\"23\" > <label for=\"tb_o61z304-contact-name\"> Nom * <\/label> <input type=\"text\" name=\"contact-name\" placeholder=\"\" id=\"tb_o61z304-contact-name\" value=\"\" required> <label for=\"tb_o61z304-contact-email\"> Courriel * <\/label> <input type=\"email\" name=\"contact-email\" placeholder=\"\" id=\"tb_o61z304-contact-email\" value=\"\" required> <label for=\"tb_o61z304-contact-subject\"> Sujet * <\/label> <input type=\"text\" name=\"contact-subject\" placeholder=\"\" id=\"tb_o61z304-contact-subject\" value=\"\" required> <label for=\"tb_o61z304-contact-message\"> Message <\/label> <textarea name=\"contact-message\" placeholder=\"\" id=\"tb_o61z304-contact-message\"><\/textarea> <button type=\"submit\"> Envoyer <\/button> <\/form>\n<iframe loading=\"lazy\" <iframe loading=\"lazy\" src=\"https:\/\/www.google.com\/maps\/d\/embed?mid=15qiNSXVJOrtywwtR4u13SwPAYThAQ64&ehbc=2E312F\" width=\"100%\" height=\"100%\" frameborder=\"0\" style=\"border:0; margin-top: -150px;\"><\/iframe>","_links":{"self":[{"href":"https:\/\/lesageinc.com\/en\/wp-json\/wp\/v2\/pages\/23","targetHints":{"allow":["GET"]}}],"collection":[{"href":"https:\/\/lesageinc.com\/en\/wp-json\/wp\/v2\/pages"}],"about":[{"href":"https:\/\/lesageinc.com\/en\/wp-json\/wp\/v2\/types\/page"}],"author":[{"embeddable":true,"href":"https:\/\/lesageinc.com\/en\/wp-json\/wp\/v2\/users\/6"}],"replies":[{"embeddable":true,"href":"https:\/\/lesageinc.com\/en\/wp-json\/wp\/v2\/comments?post=23"}],"version-history":[{"count":37,"href":"https:\/\/lesageinc.com\/en\/wp-json\/wp\/v2\/pages\/23\/revisions"}],"predecessor-version":[{"id":695,"href":"https:\/\/lesageinc.com\/en\/wp-json\/wp\/v2\/pages\/23\/revisions\/695"}],"wp:attachment":[{"href":"https:\/\/lesageinc.com\/en\/wp-json\/wp\/v2\/media?parent=23"}],"curies":[{"name":"wp","href":"https:\/\/api.w.org\/{rel}","templated":true}]}}