{"id":166,"date":"2016-12-28T05:24:23","date_gmt":"2016-12-28T05:24:23","guid":{"rendered":"https:\/\/lesageinc.com\/about\/"},"modified":"2024-03-05T13:46:33","modified_gmt":"2024-03-05T13:46:33","slug":"about","status":"publish","type":"page","link":"https:\/\/lesageinc.com\/en\/about\/","title":{"rendered":"About"},"content":{"rendered":"<!--themify_builder_content-->\n<div id=\"themify_builder_content-166\" data-postid=\"166\" class=\"themify_builder_content themify_builder_content-166 themify_builder tf_clear\">\n                    <div  data-css_id=\"wi69690\" data-lazy=\"1\" class=\"module_row themify_builder_row fullwidth_row_container tb_wi69690 tb_first tf_w wow\" data-tf-animation=\"fadeIn\">\n            <span  class=\"builder_row_cover tf_abs\" data-lazy=\"1\"><\/span>            <div class=\"row_inner col_align_top tb_col_count_1 tf_box tf_rel\">\n                        <div  data-lazy=\"1\" class=\"module_column tb-column col-full tb_44ze005 first\">\n                    <!-- module text -->\n<div  class=\"module module-text tb_fbh8590    wow\" data-tf-animation=\"fadeInUp\" data-lazy=\"1\">\n        <div  class=\"tb_text_wrap\">\n        <h1>Lesage Inc. Since 1953<\/h1>    <\/div>\n<\/div>\n<!-- \/module text -->        <\/div>\n                        <\/div>\n        <\/div>\n                        <div  data-lazy=\"1\" class=\"module_row themify_builder_row tb_796h611 tf_w\">\n                        <div class=\"row_inner col_align_middle tb_col_count_2 tf_box tf_rel\">\n                        <div  data-lazy=\"1\" class=\"module_column tb-column col4-2 tb_zzap039 first\">\n                    <!-- module image -->\n<div  class=\"module module-image tb_yp2d672 image-top   tf_mw wow\" data-tf-animation=\"fadeInRight\" data-lazy=\"1\">\n        <div class=\"image-wrap tf_rel tf_mw\">\n            <img loading=\"lazy\" decoding=\"async\" src=\"http:\/\/lesageinc.com\/wp-content\/uploads\/2023\/11\/shutterstock_1690489663-scaled.jpg\" width=\"540\" height=\"1568\" title=\"About\" alt=\"About\">    \n        <\/div>\n    <!-- \/image-wrap -->\n    \n        <\/div>\n<!-- \/module image -->        <\/div>\n                    <div  data-lazy=\"1\" class=\"module_column tb-column col4-2 tb_amdm056 last\">\n                    <!-- module text -->\n<div  class=\"module module-text tb_lqna766    wow\" data-tf-animation=\"fadeInRight\" data-lazy=\"1\">\n        <div  class=\"tb_text_wrap\">\n        <h2>History of the company.<\/h2>\n<p>Since 1953, our company has built a solid reputation as a specialist in the installation and maintenance of refrigeration equipment. With over six decades of experience under our belt, we are proud to be industry pioneers. Our commitment to excellence remains unchanged, and we have continually expanded our expertise to meet the varied needs of our clients, from small local businesses to large industries. Our team of highly qualified technicians is ready to intervene quickly to ensure the proper functioning of your equipment. Quality, reliability and efficiency are at the heart of our mission, and we are committed to providing tailor-made solutions that have satisfied our customers for decades.<\/p>    <\/div>\n<\/div>\n<!-- \/module text -->        <\/div>\n                        <\/div>\n        <\/div>\n                        <div  data-lazy=\"1\" class=\"module_row themify_builder_row tb_76u6860 tf_w\">\n                        <div class=\"row_inner col_align_middle tb_col_count_2 tf_box tf_rel\">\n                        <div  data-lazy=\"1\" class=\"module_column tb-column col4-2 tb_72dl661 first\">\n                    <!-- module text -->\n<div  class=\"module module-text tb_pihg061    wow\" data-tf-animation=\"fadeInLeft\" data-lazy=\"1\">\n        <div  class=\"tb_text_wrap\">\n        <h2>What sets our company apart.<\/h2>\n<p>It is our commitment to quality, reliability and efficiency. We continually invest in the training of our staff to stay at the forefront of the latest technological advances in the industry. Our fleet of highly qualified technicians is ready to respond quickly, whether for complex installations or emergency repairs, to minimize downtime and ensure optimal operation of your equipment.<\/p>    <\/div>\n<\/div>\n<!-- \/module text -->        <\/div>\n                    <div  data-lazy=\"1\" class=\"module_column tb-column col4-2 tb_re7r209 last\">\n                    <!-- module image -->\n<div  class=\"module module-image tb_6f29396 image-top   tf_mw wow\" data-tf-animation=\"fadeInRight\" data-lazy=\"1\">\n        <div class=\"image-wrap tf_rel tf_mw\">\n            <img loading=\"lazy\" decoding=\"async\" src=\"http:\/\/lesageinc.com\/wp-content\/uploads\/2023\/11\/shutterstock_1690489663-scaled.jpg\" width=\"540\" height=\"1568\" title=\"About\" alt=\"About\">    \n        <\/div>\n    <!-- \/image-wrap -->\n    \n        <\/div>\n<!-- \/module image -->        <\/div>\n                        <\/div>\n        <\/div>\n                        <div  data-lazy=\"1\" class=\"module_row themify_builder_row lawyers-section tb_5fr1005 tf_w\">\n                        <div class=\"row_inner col_align_top tb_col_count_1 tf_box tf_rel\">\n                        <div  data-lazy=\"1\" class=\"module_column tb-column tb_ny0h497 first\">\n                            <\/div>\n                        <\/div>\n        <\/div>\n                        <div  data-lazy=\"1\" class=\"module_row themify_builder_row tb_ynhj680 tf_w\">\n                        <div class=\"row_inner col_align_top tb_col_count_1 tf_box tf_rel\">\n                        <div  data-lazy=\"1\" class=\"module_column tb-column col-full tb_4bdg999 first\">\n                    <!-- module text -->\n<div  class=\"module module-text tb_30jo666    wow\" data-tf-animation=\"fadeInUp\" data-lazy=\"1\">\n        <div  class=\"tb_text_wrap\">\n        <h2>A good refrigeration company is distinguished by the following characteristics:<\/h2>    <\/div>\n<\/div>\n<!-- \/module text -->        <div  data-lazy=\"1\" class=\"module_subrow themify_builder_sub_row tf_w col_align_top tb_col_count_4 tb_zaxw600\">\n                <div  data-lazy=\"1\" class=\"module_column sub_column col4-1 tb_01p4606 first\">\n                    <!-- module text -->\n<div  class=\"module module-text tb_yl4b000    wow\" data-tf-animation=\"fadeInLeft\" data-lazy=\"1\">\n        <div  class=\"tb_text_wrap\">\n        <h4><strong>Technical expertise<\/strong> :<\/h4>\n<p>+ Qualified engineers<br>+ Custom design<br>+ Compliance with standards<\/p>    <\/div>\n<\/div>\n<!-- \/module text -->        <\/div>\n                    <div  data-lazy=\"1\" class=\"module_column sub_column col4-1 tb_2z71067\">\n                    <!-- module text -->\n<div  class=\"module module-text tb_b8ot808    wow\" data-tf-animation=\"fadeInLeft\" data-lazy=\"1\">\n        <div  class=\"tb_text_wrap\">\n        <h4><strong>Customer service<\/strong>:<\/h4>\n<p>+ Responsiveness<br>+ Preventive maintenance contracts<br>+ Personalized support\u00a0<\/p>    <\/div>\n<\/div>\n<!-- \/module text -->        <\/div>\n                    <div  data-lazy=\"1\" class=\"module_column sub_column col4-1 tb_d2h0111\">\n                    <!-- module text -->\n<div  class=\"module module-text tb_8g8v600    wow\" data-tf-animation=\"fadeInLeft\" data-lazy=\"1\">\n        <div  class=\"tb_text_wrap\">\n        <h4><strong>Commitment<\/strong><\/h4>\n<p>+ Technological innovation<br>+ Cost reduction\u00a0<br>+ Respect for the environment<\/p>    <\/div>\n<\/div>\n<!-- \/module text -->        <\/div>\n                    <div  data-lazy=\"1\" class=\"module_column sub_column col4-1 tb_y39r761 last\">\n                    <!-- module text -->\n<div  class=\"module module-text tb_gzv9070    wow\" data-tf-animation=\"fadeInLeft\" data-lazy=\"1\">\n        <div  class=\"tb_text_wrap\">\n        <h4 class=\"tb-menu-title\"><strong>Reputation<\/strong><\/h4>\n<p>+ Positive testimonials<br>+ Successful projects<br>+ Continuous improvement<\/p>    <\/div>\n<\/div>\n<!-- \/module text -->        <\/div>\n                    <\/div>\n                <\/div>\n                        <\/div>\n        <\/div>\n        <\/div>\n<!--\/themify_builder_content-->","protected":false},"excerpt":{"rendered":"<p>Lesage Inc. Since 1953<\/p>","protected":false},"author":6,"featured_media":0,"parent":0,"menu_order":0,"comment_status":"closed","ping_status":"closed","template":"","meta":{"footnotes":""},"class_list":["post-166","page","type-page","status-publish","hentry","has-post-title","has-post-date","has-post-category","has-post-tag","has-post-comment","has-post-author",""],"aioseo_notices":[],"yoast_head":"<!-- This site is optimized with the Yoast SEO plugin v27.5 - https:\/\/yoast.com\/product\/yoast-seo-wordpress\/ -->\n<title>\u00c0 propos - Lesage Inc.<\/title>\n<meta name=\"description\" content=\"D\u00e9couvrez Lesage Inc., notre expertise et notre engagement envers l\u2019excellence dans les services d\u2019\u00e9quipements de r\u00e9frig\u00e9ration.\" \/>\n<meta name=\"robots\" content=\"index, follow, max-snippet:-1, max-image-preview:large, max-video-preview:-1\" \/>\n<link rel=\"canonical\" href=\"https:\/\/lesageinc.com\/en\/about\/\" \/>\n<meta property=\"og:locale\" content=\"en_US\" \/>\n<meta property=\"og:type\" content=\"article\" \/>\n<meta property=\"og:title\" content=\"\u00c0 propos - Lesage Inc.\" \/>\n<meta property=\"og:description\" content=\"D\u00e9couvrez Lesage Inc., notre expertise et notre engagement envers l\u2019excellence dans les services d\u2019\u00e9quipements de r\u00e9frig\u00e9ration.\" \/>\n<meta property=\"og:url\" content=\"https:\/\/lesageinc.com\/en\/about\/\" \/>\n<meta property=\"og:site_name\" content=\"Lesageinc\" \/>\n<meta property=\"article:modified_time\" content=\"2024-03-05T13:46:33+00:00\" \/>\n<meta property=\"og:image\" content=\"https:\/\/lesageinc.com\/wp-content\/uploads\/2023\/11\/shutterstock_1690489663-scaled.jpg\" \/>\n<meta name=\"twitter:card\" content=\"summary_large_image\" \/>\n<meta name=\"twitter:label1\" content=\"Est. reading time\" \/>\n\t<meta name=\"twitter:data1\" content=\"3 minutes\" \/>\n<script type=\"application\/ld+json\" class=\"yoast-schema-graph\">{\"@context\":\"https:\\\/\\\/schema.org\",\"@graph\":[{\"@type\":\"WebPage\",\"@id\":\"https:\\\/\\\/lesageinc.com\\\/about\\\/\",\"url\":\"https:\\\/\\\/lesageinc.com\\\/about\\\/\",\"name\":\"\u00c0 propos - Lesage Inc.\",\"isPartOf\":{\"@id\":\"https:\\\/\\\/lesageinc.com\\\/#website\"},\"primaryImageOfPage\":{\"@id\":\"https:\\\/\\\/lesageinc.com\\\/about\\\/#primaryimage\"},\"image\":{\"@id\":\"https:\\\/\\\/lesageinc.com\\\/about\\\/#primaryimage\"},\"thumbnailUrl\":\"https:\\\/\\\/lesageinc.com\\\/wp-content\\\/uploads\\\/2023\\\/11\\\/shutterstock_1690489663-scaled.jpg\",\"datePublished\":\"2016-12-28T05:24:23+00:00\",\"dateModified\":\"2024-03-05T13:46:33+00:00\",\"description\":\"D\u00e9couvrez Lesage Inc., notre expertise et notre engagement envers l\u2019excellence dans les services d\u2019\u00e9quipements de r\u00e9frig\u00e9ration.\",\"breadcrumb\":{\"@id\":\"https:\\\/\\\/lesageinc.com\\\/about\\\/#breadcrumb\"},\"inLanguage\":\"en-CA\",\"potentialAction\":[{\"@type\":\"ReadAction\",\"target\":[\"https:\\\/\\\/lesageinc.com\\\/about\\\/\"]}]},{\"@type\":\"ImageObject\",\"inLanguage\":\"en-CA\",\"@id\":\"https:\\\/\\\/lesageinc.com\\\/about\\\/#primaryimage\",\"url\":\"https:\\\/\\\/lesageinc.com\\\/wp-content\\\/uploads\\\/2023\\\/11\\\/shutterstock_1690489663-scaled.jpg\",\"contentUrl\":\"https:\\\/\\\/lesageinc.com\\\/wp-content\\\/uploads\\\/2023\\\/11\\\/shutterstock_1690489663-scaled.jpg\"},{\"@type\":\"BreadcrumbList\",\"@id\":\"https:\\\/\\\/lesageinc.com\\\/about\\\/#breadcrumb\",\"itemListElement\":[{\"@type\":\"ListItem\",\"position\":1,\"name\":\"Home\",\"item\":\"https:\\\/\\\/lesageinc.com\\\/\"},{\"@type\":\"ListItem\",\"position\":2,\"name\":\"About\"}]},{\"@type\":\"WebSite\",\"@id\":\"https:\\\/\\\/lesageinc.com\\\/#website\",\"url\":\"https:\\\/\\\/lesageinc.com\\\/\",\"name\":\"Lesageinc\",\"description\":\"Partenaire en Maintenance et R\u00e9paration d\u2019\u00e9quipements frigorifiques\",\"publisher\":{\"@id\":\"https:\\\/\\\/lesageinc.com\\\/#organization\"},\"potentialAction\":[{\"@type\":\"SearchAction\",\"target\":{\"@type\":\"EntryPoint\",\"urlTemplate\":\"https:\\\/\\\/lesageinc.com\\\/?s={search_term_string}\"},\"query-input\":{\"@type\":\"PropertyValueSpecification\",\"valueRequired\":true,\"valueName\":\"search_term_string\"}}],\"inLanguage\":\"en-CA\"},{\"@type\":\"Organization\",\"@id\":\"https:\\\/\\\/lesageinc.com\\\/#organization\",\"name\":\"Lesageinc\",\"url\":\"https:\\\/\\\/lesageinc.com\\\/\",\"logo\":{\"@type\":\"ImageObject\",\"inLanguage\":\"en-CA\",\"@id\":\"https:\\\/\\\/lesageinc.com\\\/#\\\/schema\\\/logo\\\/image\\\/\",\"url\":\"https:\\\/\\\/lesageinc.com\\\/wp-content\\\/uploads\\\/2024\\\/02\\\/1200x630-2.jpg\",\"contentUrl\":\"https:\\\/\\\/lesageinc.com\\\/wp-content\\\/uploads\\\/2024\\\/02\\\/1200x630-2.jpg\",\"width\":1200,\"height\":630,\"caption\":\"Lesageinc\"},\"image\":{\"@id\":\"https:\\\/\\\/lesageinc.com\\\/#\\\/schema\\\/logo\\\/image\\\/\"}}]}<\/script>\n<!-- \/ Yoast SEO plugin. -->","yoast_head_json":{"title":"\u00c0 propos - Lesage Inc.","description":"D\u00e9couvrez Lesage Inc., notre expertise et notre engagement envers l\u2019excellence dans les services d\u2019\u00e9quipements de r\u00e9frig\u00e9ration.","robots":{"index":"index","follow":"follow","max-snippet":"max-snippet:-1","max-image-preview":"max-image-preview:large","max-video-preview":"max-video-preview:-1"},"canonical":"https:\/\/lesageinc.com\/en\/about\/","og_locale":"en_US","og_type":"article","og_title":"\u00c0 propos - Lesage Inc.","og_description":"D\u00e9couvrez Lesage Inc., notre expertise et notre engagement envers l\u2019excellence dans les services d\u2019\u00e9quipements de r\u00e9frig\u00e9ration.","og_url":"https:\/\/lesageinc.com\/en\/about\/","og_site_name":"Lesageinc","article_modified_time":"2024-03-05T13:46:33+00:00","og_image":[{"url":"https:\/\/lesageinc.com\/wp-content\/uploads\/2023\/11\/shutterstock_1690489663-scaled.jpg","type":"","width":"","height":""}],"twitter_card":"summary_large_image","twitter_misc":{"Est. reading time":"3 minutes"},"schema":{"@context":"https:\/\/schema.org","@graph":[{"@type":"WebPage","@id":"https:\/\/lesageinc.com\/about\/","url":"https:\/\/lesageinc.com\/about\/","name":"\u00c0 propos - Lesage Inc.","isPartOf":{"@id":"https:\/\/lesageinc.com\/#website"},"primaryImageOfPage":{"@id":"https:\/\/lesageinc.com\/about\/#primaryimage"},"image":{"@id":"https:\/\/lesageinc.com\/about\/#primaryimage"},"thumbnailUrl":"https:\/\/lesageinc.com\/wp-content\/uploads\/2023\/11\/shutterstock_1690489663-scaled.jpg","datePublished":"2016-12-28T05:24:23+00:00","dateModified":"2024-03-05T13:46:33+00:00","description":"D\u00e9couvrez Lesage Inc., notre expertise et notre engagement envers l\u2019excellence dans les services d\u2019\u00e9quipements de r\u00e9frig\u00e9ration.","breadcrumb":{"@id":"https:\/\/lesageinc.com\/about\/#breadcrumb"},"inLanguage":"en-CA","potentialAction":[{"@type":"ReadAction","target":["https:\/\/lesageinc.com\/about\/"]}]},{"@type":"ImageObject","inLanguage":"en-CA","@id":"https:\/\/lesageinc.com\/about\/#primaryimage","url":"https:\/\/lesageinc.com\/wp-content\/uploads\/2023\/11\/shutterstock_1690489663-scaled.jpg","contentUrl":"https:\/\/lesageinc.com\/wp-content\/uploads\/2023\/11\/shutterstock_1690489663-scaled.jpg"},{"@type":"BreadcrumbList","@id":"https:\/\/lesageinc.com\/about\/#breadcrumb","itemListElement":[{"@type":"ListItem","position":1,"name":"Home","item":"https:\/\/lesageinc.com\/"},{"@type":"ListItem","position":2,"name":"About"}]},{"@type":"WebSite","@id":"https:\/\/lesageinc.com\/#website","url":"https:\/\/lesageinc.com\/","name":"Lesageinc","description":"Partenaire en Maintenance et R\u00e9paration d\u2019\u00e9quipements frigorifiques","publisher":{"@id":"https:\/\/lesageinc.com\/#organization"},"potentialAction":[{"@type":"SearchAction","target":{"@type":"EntryPoint","urlTemplate":"https:\/\/lesageinc.com\/?s={search_term_string}"},"query-input":{"@type":"PropertyValueSpecification","valueRequired":true,"valueName":"search_term_string"}}],"inLanguage":"en-CA"},{"@type":"Organization","@id":"https:\/\/lesageinc.com\/#organization","name":"Lesageinc","url":"https:\/\/lesageinc.com\/","logo":{"@type":"ImageObject","inLanguage":"en-CA","@id":"https:\/\/lesageinc.com\/#\/schema\/logo\/image\/","url":"https:\/\/lesageinc.com\/wp-content\/uploads\/2024\/02\/1200x630-2.jpg","contentUrl":"https:\/\/lesageinc.com\/wp-content\/uploads\/2024\/02\/1200x630-2.jpg","width":1200,"height":630,"caption":"Lesageinc"},"image":{"@id":"https:\/\/lesageinc.com\/#\/schema\/logo\/image\/"}}]}},"builder_content":"<h1>Lesage Inc. Depuis 1953<\/h1>\n<img src=\"http:\/\/lesageinc.com\/wp-content\/uploads\/2023\/11\/shutterstock_1690489663-scaled.jpg\" width=\"540\" height=\"1568\" title=\"About\" alt=\"About\">\n<h2>Historique de la compagnie.<\/h2> <p>Depuis 1953, notre entreprise s'est forg\u00e9e une r\u00e9putation solide en tant que sp\u00e9cialiste de l'installation et de la maintenance d'\u00e9quipement r\u00e9frig\u00e9ration. Avec plus de six d\u00e9cennies d'exp\u00e9rience \u00e0 notre actif, nous sommes fiers d'\u00eatre des pionniers de l'industrie. Notre engagement envers l'excellence demeure inchang\u00e9, et nous avons continuellement \u00e9largi notre expertise pour r\u00e9pondre aux besoins vari\u00e9s de nos clients, qu'il s'agisse de petites entreprises locales ou de grandes industries. Notre \u00e9quipe de techniciens hautement qualifi\u00e9s est pr\u00eate \u00e0 intervenir rapidement pour garantir le bon fonctionnement de vos \u00e9quipements. La qualit\u00e9, la fiabilit\u00e9 et l'efficacit\u00e9 sont au c\u0153ur de notre mission, et nous sommes d\u00e9termin\u00e9s \u00e0 offrir des solutions sur mesure qui satisfont nos clients depuis des d\u00e9cennies.<\/p>\n<h2>Ce qui distingue notre entreprise.<\/h2> <p>C'est notre engagement envers la qualit\u00e9, la fiabilit\u00e9 et l'efficacit\u00e9. Nous investissons continuellement dans la formation de notre personnel pour rester \u00e0 la pointe des derni\u00e8res avanc\u00e9es technologiques de l'industrie. Notre flotte de techniciens hautement qualifi\u00e9s est pr\u00eate \u00e0 intervenir rapidement, que ce soit pour des installations complexes ou des d\u00e9pannages d'urgence, afin de minimiser les temps d'arr\u00eat et d'assurer un fonctionnement optimal de vos \u00e9quipements.<\/p>\n<img src=\"http:\/\/lesageinc.com\/wp-content\/uploads\/2023\/11\/shutterstock_1690489663-scaled.jpg\" width=\"540\" height=\"1568\" title=\"About\" alt=\"About\">\n<h2>Une bonne entreprise de r\u00e9frig\u00e9ration se distingue par les caract\u00e9ristiques suivantes :<\/h2>\n<h4><strong>Expertise Technique<\/strong> :<\/h4> <p>+ Ing\u00e9nieurs qualifi\u00e9s<br>+ Conception sur mesure<br>+ Conformit\u00e9 aux normes<\/p>\n<h4><strong>Service Client<\/strong>:<\/h4> <p>+ R\u00e9activit\u00e9<br>+ Contrats d'entretien pr\u00e9ventif<br>+ Support personnalis\u00e9\u00a0<\/p>\n<h4><strong>Engagement<\/strong><\/h4> <p>+ Innovation technologique<br>+ R\u00e9duction des co\u00fbts\u00a0<br>+ Respect de l'environnement<\/p>\n<h4><strong>R\u00e9putation<\/strong><\/h4> <p>+ T\u00e9moignages positifs<br>+ Projets r\u00e9ussis<br>+ Am\u00e9lioration continue<\/p>","_links":{"self":[{"href":"https:\/\/lesageinc.com\/en\/wp-json\/wp\/v2\/pages\/166","targetHints":{"allow":["GET"]}}],"collection":[{"href":"https:\/\/lesageinc.com\/en\/wp-json\/wp\/v2\/pages"}],"about":[{"href":"https:\/\/lesageinc.com\/en\/wp-json\/wp\/v2\/types\/page"}],"author":[{"embeddable":true,"href":"https:\/\/lesageinc.com\/en\/wp-json\/wp\/v2\/users\/6"}],"replies":[{"embeddable":true,"href":"https:\/\/lesageinc.com\/en\/wp-json\/wp\/v2\/comments?post=166"}],"version-history":[{"count":19,"href":"https:\/\/lesageinc.com\/en\/wp-json\/wp\/v2\/pages\/166\/revisions"}],"predecessor-version":[{"id":673,"href":"https:\/\/lesageinc.com\/en\/wp-json\/wp\/v2\/pages\/166\/revisions\/673"}],"wp:attachment":[{"href":"https:\/\/lesageinc.com\/en\/wp-json\/wp\/v2\/media?parent=166"}],"curies":[{"name":"wp","href":"https:\/\/api.w.org\/{rel}","templated":true}]}}