{"id":163,"date":"2016-12-29T12:56:56","date_gmt":"2016-12-29T12:56:56","guid":{"rendered":"https:\/\/lesageinc.com\/news\/"},"modified":"2024-03-05T13:42:53","modified_gmt":"2024-03-05T13:42:53","slug":"news","status":"publish","type":"page","link":"http:\/\/lesageinc.com\/en\/news\/","title":{"rendered":"News"},"content":{"rendered":"<!--themify_builder_content-->\n<div id=\"themify_builder_content-163\" data-postid=\"163\" class=\"themify_builder_content themify_builder_content-163 themify_builder tf_clear\">\n                    <div  data-lazy=\"1\" class=\"module_row themify_builder_row tb_rga8566 tb_first tf_w\">\n                        <div class=\"row_inner col_align_top tb_col_count_1 tf_box tf_rel\">\n                        <div  data-lazy=\"1\" class=\"module_column tb-column col-full tb_arvp501 first\">\n                    <!-- module post -->\n<div  class=\"module module-post tb_m42q036 \">\n    <div  class=\"builder-posts-wrap loops-wrapper list-post classic tf_clear tf_clearfix\" data-lazy=\"1\">\n    <article id=\"post-57637\" class=\"post tf_clearfix post-57637 type-post status-publish format-standard hentry category-uncategorized has-post-title has-post-date has-post-category has-post-tag has-post-comment has-post-author \">\n\t    \n\t\t<div class=\"post-content\">\n\t\t<div class=\"post-content-inner\">\n\n\t\t\t\t\t\t\t\t<div class=\"post-date-wrap\">\n\t\t<time class=\"post-date entry-date updated\" datetime=\"2026-04-29\">\n\t\t\t\t\t\t\t\t<span class=\"month\">April<\/span> <span class=\"day\">29<\/span> <span class=\"year\">2026<\/span> \t\t\t\t<\/time>\n\t<\/div><!-- .post-date-wrap -->\n\t\t\t\t\n\t\t\t<h2 class=\"post-title entry-title\"><a href=\"http:\/\/lesageinc.com\/en\/prohormone-effet-pour-des-performances-sportives-optimisees\/\">Prohormone Effet pour des Performances Sportives Optimis\u00e9es<\/a><\/h2>\n\t\t\t\n\t\t\t\n\t\t\t        <div class=\"entry-content\">\n\n        \n            <p>Dans le monde de la musculation et du sport, chaque d\u00e9tail compte pour atteindre ses objectifs de performance. La Prohormone Effet est un produit con\u00e7u pour les athl\u00e8tes et les passionn\u00e9s de fitness qui souhaitent maximiser leur potentiel. Gr\u00e2ce \u00e0 sa formulation avanc\u00e9e, ce suppl\u00e9ment aide \u00e0 stimuler la production naturelle d&rsquo;hormones, favorisant ainsi des [&hellip;]<\/p>\n\n                \n            \n        <\/div><!-- \/.entry-content -->\n        \n\t\t<\/div>\n\t\t<!-- \/.post-content-inner -->\n\t<\/div>\n\t<!-- \/.post-content -->\n\t\n<\/article>\n<!-- \/.post -->\n<article id=\"post-57347\" class=\"post tf_clearfix post-57347 type-post status-publish format-standard hentry category-uncategorized has-post-title has-post-date has-post-category has-post-tag has-post-comment has-post-author \">\n\t    \n\t\t<div class=\"post-content\">\n\t\t<div class=\"post-content-inner\">\n\n\t\t\t\t\t\t\t\t<div class=\"post-date-wrap\">\n\t\t<time class=\"post-date entry-date updated\" datetime=\"2026-04-29\">\n\t\t\t\t\t\t\t\t<span class=\"month\">April<\/span> <span class=\"day\">29<\/span> <span class=\"year\">2026<\/span> \t\t\t\t<\/time>\n\t<\/div><!-- .post-date-wrap -->\n\t\t\t\t\n\t\t\t<h2 class=\"post-title entry-title\"><a href=\"http:\/\/lesageinc.com\/en\/mosbet-ua-onlayn-kazino-oynamaq-n-yaxsi-oyunlar-v-bonuslar\/\">Mosbet UA onlayn kazino oynamaq &#8211; \u018fn yax\u015f\u0131 oyunlar v\u0259 bonuslar<\/a><\/h2>\n\t\t\t\n\t\t\t\n\t\t\t        <div class=\"entry-content\">\n\n        \n            <p>Mosbet UA onlayn kazino oynamaq &#8211; \u018fn yax\u015f\u0131 oyunlar v\u0259 bonuslar Contents Mosbet AZ Platformas\u0131na Nec\u0259 Qeydiyyatdan Ke\u00e7m\u0259k Olar? Mosbet-d\u0259 \u00d6d\u0259ni\u015f Metodlar\u0131: Depozit v\u0259 \u00c7\u0131xar\u0131\u015f Mosbet Mobil T\u0259tbiqi: Oyunlar\u0131 Haradan Apar\u0131n Mosbet-d\u0259 T\u0259hl\u00fck\u0259sizlik v\u0259 Lisenziya M\u0259s\u0259l\u0259l\u0259ri Mosbet-d\u0259 M\u00fc\u015ft\u0259ri D\u0259st\u0259yi il\u0259 \u018flaq\u0259 Vasit\u0259l\u0259ri Mosbet AZ Platformas\u0131na Nec\u0259 Qeydiyyatdan Ke\u00e7m\u0259k Olar? Mosbet AZ platformas\u0131nda qeydiyyat \u00fc\u00e7\u00fcn r\u0259smi [&hellip;]<\/p>\n\n                \n            \n        <\/div><!-- \/.entry-content -->\n        \n\t\t<\/div>\n\t\t<!-- \/.post-content-inner -->\n\t<\/div>\n\t<!-- \/.post-content -->\n\t\n<\/article>\n<!-- \/.post -->\n<article id=\"post-57635\" class=\"post tf_clearfix post-57635 type-post status-publish format-standard hentry category-uncategorized has-post-title has-post-date has-post-category has-post-tag has-post-comment has-post-author \">\n\t    \n\t\t<div class=\"post-content\">\n\t\t<div class=\"post-content-inner\">\n\n\t\t\t\t\t\t\t\t<div class=\"post-date-wrap\">\n\t\t<time class=\"post-date entry-date updated\" datetime=\"2026-04-29\">\n\t\t\t\t\t\t\t\t<span class=\"month\">April<\/span> <span class=\"day\">29<\/span> <span class=\"year\">2026<\/span> \t\t\t\t<\/time>\n\t<\/div><!-- .post-date-wrap -->\n\t\t\t\t\n\t\t\t<h2 class=\"post-title entry-title\"><a href=\"http:\/\/lesageinc.com\/en\/publication-of-cadillac-jack-games-online-deceased-demonstration-tratar-de-balde-en-el-tradicional-de-playn-wade\/\">Publication of Cadillac Jack games online Deceased Demonstration Tratar De balde en el Tradicional de Play&rsquo;n Wade<\/a><\/h2>\n\t\t\t\n\t\t\t\n\t\t\t        <div class=\"entry-content\">\n\n        \n            <p>Blogs Speel de gratis trial | Cadillac Jack games online Complete online game commission Book of Lifeless Slot Crazy and Bonus System It\u2019s better yet once you learn which they\u2019s very possible that numerous of these symbols have a tendency to show up on the brand new reels at the same time inside the bonus [&hellip;]<\/p>\n\n                \n            \n        <\/div><!-- \/.entry-content -->\n        \n\t\t<\/div>\n\t\t<!-- \/.post-content-inner -->\n\t<\/div>\n\t<!-- \/.post-content -->\n\t\n<\/article>\n<!-- \/.post -->\n<article id=\"post-57633\" class=\"post tf_clearfix post-57633 type-post status-publish format-standard hentry category-uncategorized has-post-title has-post-date has-post-category has-post-tag has-post-comment has-post-author \">\n\t    \n\t\t<div class=\"post-content\">\n\t\t<div class=\"post-content-inner\">\n\n\t\t\t\t\t\t\t\t<div class=\"post-date-wrap\">\n\t\t<time class=\"post-date entry-date updated\" datetime=\"2026-04-29\">\n\t\t\t\t\t\t\t\t<span class=\"month\">April<\/span> <span class=\"day\">29<\/span> <span class=\"year\">2026<\/span> \t\t\t\t<\/time>\n\t<\/div><!-- .post-date-wrap -->\n\t\t\t\t\n\t\t\t<h2 class=\"post-title entry-title\"><a href=\"http:\/\/lesageinc.com\/en\/queen-of-your-nile-aristocrat-466-paylines-slot-status-comment\/\">Queen of your Nile Aristocrat 466 paylines slot Status Comment<\/a><\/h2>\n\t\t\t\n\t\t\t\n\t\t\t        <div class=\"entry-content\">\n\n        \n            <p>It slot machine game ranked very played to experience server into the Europe and The us one to still fascinates the new advantages. Produced by Aristocrat, this game combines antique pokie auto mechanics with nice provides such totally free revolves, multipliers, and you will payouts delivering as much as 9000 gold coins. We have found [&hellip;]<\/p>\n\n                \n            \n        <\/div><!-- \/.entry-content -->\n        \n\t\t<\/div>\n\t\t<!-- \/.post-content-inner -->\n\t<\/div>\n\t<!-- \/.post-content -->\n\t\n<\/article>\n<!-- \/.post -->\n<article id=\"post-57631\" class=\"post tf_clearfix post-57631 type-post status-publish format-standard hentry category-uncategorized has-post-title has-post-date has-post-category has-post-tag has-post-comment has-post-author \">\n\t    \n\t\t<div class=\"post-content\">\n\t\t<div class=\"post-content-inner\">\n\n\t\t\t\t\t\t\t\t<div class=\"post-date-wrap\">\n\t\t<time class=\"post-date entry-date updated\" datetime=\"2026-04-29\">\n\t\t\t\t\t\t\t\t<span class=\"month\">April<\/span> <span class=\"day\">29<\/span> <span class=\"year\">2026<\/span> \t\t\t\t<\/time>\n\t<\/div><!-- .post-date-wrap -->\n\t\t\t\t\n\t\t\t<h2 class=\"post-title entry-title\"><a href=\"http:\/\/lesageinc.com\/en\/boku-gambling-enterprises-canada-2026-25-local-casino-casinos-bonus-free-no-deposit-web-sites\/\">Boku Gambling enterprises Canada 2026 25+ Local casino casinos bonus free no deposit Web sites<\/a><\/h2>\n\t\t\t\n\t\t\t\n\t\t\t        <div class=\"entry-content\">\n\n        \n            <p>Articles Shell out by Cellular telephone | casinos bonus free no deposit Player-Amicable Incentives Incentive Also provides to own People at the Boku Casinos Avoid dropping people to the competition Once your added bonus are productive, then you&rsquo;re able to make a casino Boku percentage at any time so you can better up your balance [&hellip;]<\/p>\n\n                \n            \n        <\/div><!-- \/.entry-content -->\n        \n\t\t<\/div>\n\t\t<!-- \/.post-content-inner -->\n\t<\/div>\n\t<!-- \/.post-content -->\n\t\n<\/article>\n<!-- \/.post -->\n    <\/div><!-- .builder-posts-wrap -->\n                                <link rel=\"prefetch\" as=\"document\" href=\"http:\/\/lesageinc.com\/en\/wp-json\/wp\/v2\/pages\/163\/page\/2\/\"\/><div class=\"pagenav tf_clear tf_box tf_textr tf_clearfix \"> <span class=\"number current\">1<\/span> <a href=\"http:\/\/lesageinc.com\/en\/wp-json\/wp\/v2\/pages\/163\/page\/2\/\" class=\"number\">2<\/a> <a href=\"http:\/\/lesageinc.com\/en\/wp-json\/wp\/v2\/pages\/163\/page\/3\/\" class=\"number\">3<\/a> <a href=\"http:\/\/lesageinc.com\/en\/wp-json\/wp\/v2\/pages\/163\/page\/4\/\" class=\"number\">4<\/a><a href=\"http:\/\/lesageinc.com\/en\/wp-json\/wp\/v2\/pages\/163\/page\/2\/\"  class=\"number nextp\">&rsaquo;<\/a><a href=\"http:\/\/lesageinc.com\/en\/wp-json\/wp\/v2\/pages\/163\/page\/781\/\" title=\"&raquo;\" class=\"number lastp\">&raquo;<\/a><\/div>                <\/div>\n<!-- \/module post -->\n            <\/div>\n                        <\/div>\n        <\/div>\n        <\/div>\n<!--\/themify_builder_content-->","protected":false},"excerpt":{"rendered":"","protected":false},"author":6,"featured_media":0,"parent":0,"menu_order":0,"comment_status":"closed","ping_status":"closed","template":"","meta":{"footnotes":""},"class_list":["post-163","page","type-page","status-publish","hentry","has-post-title","has-post-date","has-post-category","has-post-tag","has-post-comment","has-post-author",""],"aioseo_notices":[],"yoast_head":"<!-- This site is optimized with the Yoast SEO plugin v27.5 - https:\/\/yoast.com\/product\/yoast-seo-wordpress\/ -->\n<title>News - Lesage Inc<\/title>\n<meta name=\"description\" content=\"Restez \u00e0 jour avec les derni\u00e8res nouvelles et mises \u00e0 jour de Lesage Inc. concernant les \u00e9quipements de r\u00e9frig\u00e9ration et les tendances de l&#039;industrie.\" \/>\n<meta name=\"robots\" content=\"index, follow, max-snippet:-1, max-image-preview:large, max-video-preview:-1\" \/>\n<link rel=\"canonical\" href=\"https:\/\/lesageinc.com\/en\/news\/\" \/>\n<meta property=\"og:locale\" content=\"en_US\" \/>\n<meta property=\"og:type\" content=\"article\" \/>\n<meta property=\"og:title\" content=\"News - Lesage Inc\" \/>\n<meta property=\"og:description\" content=\"Restez \u00e0 jour avec les derni\u00e8res nouvelles et mises \u00e0 jour de Lesage Inc. concernant les \u00e9quipements de r\u00e9frig\u00e9ration et les tendances de l&#039;industrie.\" \/>\n<meta property=\"og:url\" content=\"https:\/\/lesageinc.com\/en\/news\/\" \/>\n<meta property=\"og:site_name\" content=\"Lesageinc\" \/>\n<meta property=\"article:modified_time\" content=\"2024-03-05T13:42:53+00:00\" \/>\n<meta property=\"og:image\" content=\"https:\/\/lesageinc.com\/wp-content\/uploads\/2024\/02\/1200x630-2.jpg\" \/>\n\t<meta property=\"og:image:width\" content=\"1200\" \/>\n\t<meta property=\"og:image:height\" content=\"630\" \/>\n\t<meta property=\"og:image:type\" content=\"image\/jpeg\" \/>\n<meta name=\"twitter:card\" content=\"summary_large_image\" \/>\n<script type=\"application\/ld+json\" class=\"yoast-schema-graph\">{\"@context\":\"https:\\\/\\\/schema.org\",\"@graph\":[{\"@type\":\"WebPage\",\"@id\":\"https:\\\/\\\/lesageinc.com\\\/news\\\/\",\"url\":\"https:\\\/\\\/lesageinc.com\\\/news\\\/\",\"name\":\"News - Lesage Inc\",\"isPartOf\":{\"@id\":\"https:\\\/\\\/lesageinc.com\\\/#website\"},\"datePublished\":\"2016-12-29T12:56:56+00:00\",\"dateModified\":\"2024-03-05T13:42:53+00:00\",\"description\":\"Restez \u00e0 jour avec les derni\u00e8res nouvelles et mises \u00e0 jour de Lesage Inc. concernant les \u00e9quipements de r\u00e9frig\u00e9ration et les tendances de l'industrie.\",\"breadcrumb\":{\"@id\":\"https:\\\/\\\/lesageinc.com\\\/news\\\/#breadcrumb\"},\"inLanguage\":\"en-CA\",\"potentialAction\":[{\"@type\":\"ReadAction\",\"target\":[\"https:\\\/\\\/lesageinc.com\\\/news\\\/\"]}]},{\"@type\":\"BreadcrumbList\",\"@id\":\"https:\\\/\\\/lesageinc.com\\\/news\\\/#breadcrumb\",\"itemListElement\":[{\"@type\":\"ListItem\",\"position\":1,\"name\":\"Home\",\"item\":\"https:\\\/\\\/lesageinc.com\\\/\"},{\"@type\":\"ListItem\",\"position\":2,\"name\":\"News\"}]},{\"@type\":\"WebSite\",\"@id\":\"https:\\\/\\\/lesageinc.com\\\/#website\",\"url\":\"https:\\\/\\\/lesageinc.com\\\/\",\"name\":\"Lesageinc\",\"description\":\"Partenaire en Maintenance et R\u00e9paration d\u2019\u00e9quipements frigorifiques\",\"publisher\":{\"@id\":\"https:\\\/\\\/lesageinc.com\\\/#organization\"},\"potentialAction\":[{\"@type\":\"SearchAction\",\"target\":{\"@type\":\"EntryPoint\",\"urlTemplate\":\"https:\\\/\\\/lesageinc.com\\\/?s={search_term_string}\"},\"query-input\":{\"@type\":\"PropertyValueSpecification\",\"valueRequired\":true,\"valueName\":\"search_term_string\"}}],\"inLanguage\":\"en-CA\"},{\"@type\":\"Organization\",\"@id\":\"https:\\\/\\\/lesageinc.com\\\/#organization\",\"name\":\"Lesageinc\",\"url\":\"https:\\\/\\\/lesageinc.com\\\/\",\"logo\":{\"@type\":\"ImageObject\",\"inLanguage\":\"en-CA\",\"@id\":\"https:\\\/\\\/lesageinc.com\\\/#\\\/schema\\\/logo\\\/image\\\/\",\"url\":\"https:\\\/\\\/lesageinc.com\\\/wp-content\\\/uploads\\\/2024\\\/02\\\/1200x630-2.jpg\",\"contentUrl\":\"https:\\\/\\\/lesageinc.com\\\/wp-content\\\/uploads\\\/2024\\\/02\\\/1200x630-2.jpg\",\"width\":1200,\"height\":630,\"caption\":\"Lesageinc\"},\"image\":{\"@id\":\"https:\\\/\\\/lesageinc.com\\\/#\\\/schema\\\/logo\\\/image\\\/\"}}]}<\/script>\n<!-- \/ Yoast SEO plugin. -->","yoast_head_json":{"title":"News - Lesage Inc","description":"Restez \u00e0 jour avec les derni\u00e8res nouvelles et mises \u00e0 jour de Lesage Inc. concernant les \u00e9quipements de r\u00e9frig\u00e9ration et les tendances de l'industrie.","robots":{"index":"index","follow":"follow","max-snippet":"max-snippet:-1","max-image-preview":"max-image-preview:large","max-video-preview":"max-video-preview:-1"},"canonical":"https:\/\/lesageinc.com\/en\/news\/","og_locale":"en_US","og_type":"article","og_title":"News - Lesage Inc","og_description":"Restez \u00e0 jour avec les derni\u00e8res nouvelles et mises \u00e0 jour de Lesage Inc. concernant les \u00e9quipements de r\u00e9frig\u00e9ration et les tendances de l'industrie.","og_url":"https:\/\/lesageinc.com\/en\/news\/","og_site_name":"Lesageinc","article_modified_time":"2024-03-05T13:42:53+00:00","og_image":[{"width":1200,"height":630,"url":"https:\/\/lesageinc.com\/wp-content\/uploads\/2024\/02\/1200x630-2.jpg","type":"image\/jpeg"}],"twitter_card":"summary_large_image","schema":{"@context":"https:\/\/schema.org","@graph":[{"@type":"WebPage","@id":"https:\/\/lesageinc.com\/news\/","url":"https:\/\/lesageinc.com\/news\/","name":"News - Lesage Inc","isPartOf":{"@id":"https:\/\/lesageinc.com\/#website"},"datePublished":"2016-12-29T12:56:56+00:00","dateModified":"2024-03-05T13:42:53+00:00","description":"Restez \u00e0 jour avec les derni\u00e8res nouvelles et mises \u00e0 jour de Lesage Inc. concernant les \u00e9quipements de r\u00e9frig\u00e9ration et les tendances de l'industrie.","breadcrumb":{"@id":"https:\/\/lesageinc.com\/news\/#breadcrumb"},"inLanguage":"en-CA","potentialAction":[{"@type":"ReadAction","target":["https:\/\/lesageinc.com\/news\/"]}]},{"@type":"BreadcrumbList","@id":"https:\/\/lesageinc.com\/news\/#breadcrumb","itemListElement":[{"@type":"ListItem","position":1,"name":"Home","item":"https:\/\/lesageinc.com\/"},{"@type":"ListItem","position":2,"name":"News"}]},{"@type":"WebSite","@id":"https:\/\/lesageinc.com\/#website","url":"https:\/\/lesageinc.com\/","name":"Lesageinc","description":"Partenaire en Maintenance et R\u00e9paration d\u2019\u00e9quipements frigorifiques","publisher":{"@id":"https:\/\/lesageinc.com\/#organization"},"potentialAction":[{"@type":"SearchAction","target":{"@type":"EntryPoint","urlTemplate":"https:\/\/lesageinc.com\/?s={search_term_string}"},"query-input":{"@type":"PropertyValueSpecification","valueRequired":true,"valueName":"search_term_string"}}],"inLanguage":"en-CA"},{"@type":"Organization","@id":"https:\/\/lesageinc.com\/#organization","name":"Lesageinc","url":"https:\/\/lesageinc.com\/","logo":{"@type":"ImageObject","inLanguage":"en-CA","@id":"https:\/\/lesageinc.com\/#\/schema\/logo\/image\/","url":"https:\/\/lesageinc.com\/wp-content\/uploads\/2024\/02\/1200x630-2.jpg","contentUrl":"https:\/\/lesageinc.com\/wp-content\/uploads\/2024\/02\/1200x630-2.jpg","width":1200,"height":630,"caption":"Lesageinc"},"image":{"@id":"https:\/\/lesageinc.com\/#\/schema\/logo\/image\/"}}]}},"builder_content":"","_links":{"self":[{"href":"http:\/\/lesageinc.com\/en\/wp-json\/wp\/v2\/pages\/163","targetHints":{"allow":["GET"]}}],"collection":[{"href":"http:\/\/lesageinc.com\/en\/wp-json\/wp\/v2\/pages"}],"about":[{"href":"http:\/\/lesageinc.com\/en\/wp-json\/wp\/v2\/types\/page"}],"author":[{"embeddable":true,"href":"http:\/\/lesageinc.com\/en\/wp-json\/wp\/v2\/users\/6"}],"replies":[{"embeddable":true,"href":"http:\/\/lesageinc.com\/en\/wp-json\/wp\/v2\/comments?post=163"}],"version-history":[{"count":2,"href":"http:\/\/lesageinc.com\/en\/wp-json\/wp\/v2\/pages\/163\/revisions"}],"predecessor-version":[{"id":658,"href":"http:\/\/lesageinc.com\/en\/wp-json\/wp\/v2\/pages\/163\/revisions\/658"}],"wp:attachment":[{"href":"http:\/\/lesageinc.com\/en\/wp-json\/wp\/v2\/media?parent=163"}],"curies":[{"name":"wp","href":"https:\/\/api.w.org\/{rel}","templated":true}]}}